{"id":1159,"date":"2014-02-26T09:27:23","date_gmt":"2014-02-26T08:27:23","guid":{"rendered":"https:\/\/www.xalo.org\/politica-de-cookies\/"},"modified":"2014-03-06T09:23:25","modified_gmt":"2014-03-06T08:23:25","slug":"politica-de-cookies","status":"publish","type":"page","link":"https:\/\/www.xalo.org\/es\/politica-de-cookies\/","title":{"rendered":"Pol\u00edtica de cookies"},"content":{"rendered":"<p><\/p>\n<h2>Definici\u00f3n de cookies<\/h2>\n<p>Las cookies son identificadores que enviamos al disco duro de su ordenador a trav\u00e9s de su navegador Web con el fin de que nuestros sistemas puedan reconocer su navegador y ofrecerle ciertos servicios,\u00a0 a continuaci\u00f3n se detallan las cookies utilizadas en esta p\u00e1gina web.<\/p>\n<h2>Cookies utilizadas<\/h2>\n\n<table id=\"tablepress-18\" class=\"tablepress tablepress-id-18 tablepress-responsive\">\n<thead>\n<tr class=\"row-1\">\n\t<th class=\"column-1\">Tipo de cookie<\/th><th class=\"column-2\">Informaci\u00f3n recogida<\/th><th class=\"column-3\">Prop\u00f3sito<br \/>\n<\/th><th class=\"column-4\">Per\u00edodo de validez<\/th><th class=\"column-5\">Modo de desactivarla<\/th>\n<\/tr>\n<\/thead>\n<tbody class=\"row-hover\">\n<tr class=\"row-2\">\n\t<td class=\"column-1\">Cookies propias<br \/>\n<\/td><td class=\"column-2\">Identificador del usuario, de la sesi\u00f3n e IP.<\/td><td class=\"column-3\">Identificar el acceso para futuras estad\u00edsticas.<\/td><td class=\"column-4\">2 a\u00f1os.<\/td><td class=\"column-5\">Cambiando la configuraci\u00f3n del navegador.<\/td>\n<\/tr>\n<tr class=\"row-3\">\n\t<td class=\"column-1\"><\/td><td class=\"column-2\">Informaci\u00f3n binaria(S\u00ed\/No).<\/td><td class=\"column-3\">Saber si por ejemplo el usuario ha aceptado la advertencia de las cookies.<\/td><td class=\"column-4\">1 a\u00f1o.<\/td><td class=\"column-5\">No se puede, es necesario para el funcionamiento de la web.<\/td>\n<\/tr>\n<tr class=\"row-4\">\n\t<td class=\"column-1\">Cookies de terceros<br \/>\nGoogle Analytics<\/td><td class=\"column-2\">Informaci\u00f3n anal\u00edtica de la visita, tiempo, secciones visitadas, clicks y sitios de procedencia.<\/td><td class=\"column-3\">Un an\u00e1lisis del comportamiento del usuario en la web y as\u00ed poder mejorar el servicio.<\/td><td class=\"column-4\">Cookies de sesi\u00f3n o 2 a\u00f1os m\u00e1ximo.<\/td><td class=\"column-5\">Instalando: <br \/>\n<a href=\"https:\/\/tools.google.com\/dlpage\/gaoptout?hl=es\" target=\"_blank\">Google Analytics<\/a><\/td>\n<\/tr>\n<tr class=\"row-5\">\n\t<td class=\"column-1\">Cookies de terceros<br \/>\nAddThis<\/td><td class=\"column-2\">Datos agregados en relaci\u00f3n a que p\u00e1ginas se comparten, cuando y c\u00f3mo.<\/td><td class=\"column-3\">Social plug-in que permite a los usuarios compartir contenidos en las redes sociales.<\/td><td class=\"column-4\">Determinado por AddThis.<\/td><td class=\"column-5\">Para desactivar:<br \/>\n<a href=\"http:\/\/www.addthis.com\/privacy\/opt-out\" target=\"_blank\">AddThis<\/a><\/td>\n<\/tr>\n<\/tbody>\n<\/table>\n<!-- #tablepress-18 from cache -->\n<h2>C\u00f3mo deshabilitar las Cookies en los principales navegadores:<\/h2>\n<p>Normalmente es posible dejar de aceptar las Cookies del navegador, o dejar de aceptar las Cookies de un Servicio en particular.<\/p>\n<p>Todos los navegadores modernos permiten cambiar la configuraci\u00f3n de Cookies. Estos ajustes normalmente se encuentra en las \u2018opciones\u2019 o \u2018Preferencias\u2019 del men\u00fa de su navegador. Asimismo, puede configurar su navegador o su gestor de correo electr\u00f3nico.<\/p>\n<p>A continuaci\u00f3n se ofrece orientaci\u00f3n al Usuario sobre los pasos para acceder al men\u00fa de configuraci\u00f3n de las cookies y, en su caso, de la navegaci\u00f3n privada en cada uno de los navegadores principales:<\/p>\n<ul>\n<li>Internet Explorer: Herramientas -> Opciones de Internet\u00a0-> Privacidad\u00a0-> Configuraci\u00f3n. Para m\u00e1s informaci\u00f3n, puede consultar el\u00a0<a href=\"https:\/\/windows.microsoft.com\/es-ES\/windows\/support\">soporte de Microsoft<\/a>\u00a0o la Ayuda del navegador.<\/li>\n<li>Firefox: Herramientas\u00a0-> Opciones\u00a0-> Privacidad\u00a0-> Historial\u00a0-> Configuraci\u00f3n Personalizada. Para m\u00e1s informaci\u00f3n, puede consultar el\u00a0<a href=\"https:\/\/support.mozilla.org\/es\/home\">soporte de Mozilla<\/a>\u00a0o la Ayuda del navegador.<\/li>\n<\/ul>\n<ul>\n<li>Chrome: Configuraci\u00f3n\u00a0-> Mostrar opciones avanzadas\u00a0-> Privacidad\u00a0-> Configuraci\u00f3n de contenido. Para m\u00e1s informaci\u00f3n, puede consultar el\u00a0<a href=\"https:\/\/support.google.com\/chrome\/?hl=es\">soporte de Google<\/a>\u00a0o la Ayuda del navegador.<\/li>\n<\/ul>\n<ul>\n<li>Safari: Preferencias\u00a0-> Seguridad. Para m\u00e1s informaci\u00f3n, puede consultar el\u00a0<a href=\"https:\/\/www.apple.com\/es\/support\/safari\/\">soporte de Apple<\/a>\u00a0o la Ayuda del navegador.<\/li>\n<\/ul>\n<h2>\u00bfQu\u00e9 ocurre si se deshabilitan las Cookies?<\/h2>\n<p>Algunas funcionalidades de los Servicios quedar\u00e1n deshabilitados como, por ejemplo, permanecer\u00a0 identificado, mantener las compras en el \u201ccarrito de la compra\u201d, etc.<\/p>\n<p><\/p>","protected":false},"excerpt":{"rendered":"<p>Definici\u00f3n de cookies Las cookies son identificadores que enviamos al disco duro de su ordenador a trav\u00e9s de su navegador Web con el fin de que nuestros sistemas puedan reconocer su navegador y ofrecerle ciertos servicios,\u00a0 a continuaci\u00f3n se detallan las cookies utilizadas en esta p\u00e1gina web. Cookies utilizadas C\u00f3mo deshabilitar las Cookies en los [&hellip;]<\/p>\n","protected":false},"author":1,"featured_media":0,"parent":0,"menu_order":0,"comment_status":"closed","ping_status":"closed","template":"","meta":{"_et_pb_use_builder":"","_et_pb_old_content":"","_et_gb_content_width":"","footnotes":""},"class_list":["post-1159","page","type-page","status-publish","hentry"],"aioseo_notices":[],"_links":{"self":[{"href":"https:\/\/www.xalo.org\/es\/wp-json\/wp\/v2\/pages\/1159","targetHints":{"allow":["GET"]}}],"collection":[{"href":"https:\/\/www.xalo.org\/es\/wp-json\/wp\/v2\/pages"}],"about":[{"href":"https:\/\/www.xalo.org\/es\/wp-json\/wp\/v2\/types\/page"}],"author":[{"embeddable":true,"href":"https:\/\/www.xalo.org\/es\/wp-json\/wp\/v2\/users\/1"}],"replies":[{"embeddable":true,"href":"https:\/\/www.xalo.org\/es\/wp-json\/wp\/v2\/comments?post=1159"}],"version-history":[{"count":0,"href":"https:\/\/www.xalo.org\/es\/wp-json\/wp\/v2\/pages\/1159\/revisions"}],"wp:attachment":[{"href":"https:\/\/www.xalo.org\/es\/wp-json\/wp\/v2\/media?parent=1159"}],"curies":[{"name":"wp","href":"https:\/\/api.w.org\/{rel}","templated":true}]}}