{"id":1298,"date":"2015-12-29T17:23:34","date_gmt":"2015-12-29T16:23:34","guid":{"rendered":"https:\/\/www.xalo.org\/?page_id=1298"},"modified":"2026-03-04T13:28:44","modified_gmt":"2026-03-04T12:28:44","slug":"ampa","status":"publish","type":"page","link":"https:\/\/www.xalo.org\/es\/el-ayuntamiento\/regidories\/educacio\/ampa\/","title":{"rendered":"AFA"},"content":{"rendered":"<p><\/p>\n<h1>Talleres extraescolares<\/h1>\n<p><strong>Ingl\u00e9s<\/strong><\/p>\n<p><strong>Contacto:<\/strong> Presidenta (Luc\u00eda Ordines Vives)<\/p>\n<p><strong>Sede:<\/strong> CEIP Serra de B\u00e8rnia, 12<\/p>\n<p><strong>Email:<\/strong> ampaxalo@gmail.com<\/p>","protected":false},"excerpt":{"rendered":"<p>Talleres extraescolares Ingl\u00e9s Contacto: Presidenta (Luc\u00eda Ordines Vives) Sede: CEIP Serra de B\u00e8rnia, 12 Email: ampaxalo@gmail.com<\/p>\n","protected":false},"author":1,"featured_media":0,"parent":758,"menu_order":0,"comment_status":"closed","ping_status":"closed","template":"","meta":{"_et_pb_use_builder":"","_et_pb_old_content":"","_et_gb_content_width":"","footnotes":""},"class_list":["post-1298","page","type-page","status-publish","hentry"],"aioseo_notices":[],"_links":{"self":[{"href":"https:\/\/www.xalo.org\/es\/wp-json\/wp\/v2\/pages\/1298","targetHints":{"allow":["GET"]}}],"collection":[{"href":"https:\/\/www.xalo.org\/es\/wp-json\/wp\/v2\/pages"}],"about":[{"href":"https:\/\/www.xalo.org\/es\/wp-json\/wp\/v2\/types\/page"}],"author":[{"embeddable":true,"href":"https:\/\/www.xalo.org\/es\/wp-json\/wp\/v2\/users\/1"}],"replies":[{"embeddable":true,"href":"https:\/\/www.xalo.org\/es\/wp-json\/wp\/v2\/comments?post=1298"}],"version-history":[{"count":0,"href":"https:\/\/www.xalo.org\/es\/wp-json\/wp\/v2\/pages\/1298\/revisions"}],"up":[{"embeddable":true,"href":"https:\/\/www.xalo.org\/es\/wp-json\/wp\/v2\/pages\/758"}],"wp:attachment":[{"href":"https:\/\/www.xalo.org\/es\/wp-json\/wp\/v2\/media?parent=1298"}],"curies":[{"name":"wp","href":"https:\/\/api.w.org\/{rel}","templated":true}]}}