{"id":1370,"date":"2015-12-30T11:37:15","date_gmt":"2015-12-30T10:37:15","guid":{"rendered":"https:\/\/www.xalo.org\/?page_id=1370"},"modified":"2026-02-13T12:40:21","modified_gmt":"2026-02-13T11:40:21","slug":"escola-de-musica","status":"publish","type":"page","link":"https:\/\/www.xalo.org\/es\/escola-de-musica\/","title":{"rendered":"Escuela de M\u00fasica y Danza"},"content":{"rendered":"<p><\/p>\n<p align=\"CENTER\"><span style=\"font-size: large;\"><span lang=\"es-ES\"><b>ESCUELA DE M\u00daSICA Y DANZA DE XAL\u00d3<\/b><\/span><\/span><\/p>\n<p><strong>MATR\u00cdCULA ESCUELA DE M\u00daSICA Y DANZA DE XAL\u00d3 \u2013 CURSO 2025 \/ 2026<\/strong><\/p>\n<ul>\n<li>MATR\u00cdCULA 1\u00ba PLAZO (del 16 al 30 de junio de 2025)<\/li>\n<\/ul>\n<p style=\"padding-left: 40px;\"><a href=\"https:\/\/xalo.reservaplay.com\/view\/reserves\/actividades\/id\/56\">https:\/\/xalo.reservaplay.com\/view\/reserves\/actividades\/id\/56<\/a><\/p>\n<ul>\n<li>MATR\u00cdCULA 2\u00ba PLAZO (a partir del 1 de julio de 2025)<\/li>\n<\/ul>\n<p style=\"padding-left: 40px;\"><a href=\"https:\/\/xalo.reservaplay.com\/view\/reserves\/actividades\/id\/57\">https:\/\/xalo.reservaplay.com\/view\/reserves\/actividades\/id\/57<\/a><\/p>\n<ul>\n<li>SOLICITUD DE BAJA<\/li>\n<\/ul>\n<p style=\"padding-left: 40px;\"><a href=\"https:\/\/docs.google.com\/forms\/d\/e\/1FAIpQLSdUhTkdLUVRdJt30Vuyb27C74QPeeExPOV6kCv6CjdnXpHknA\/viewform\">https:\/\/docs.google.com\/forms\/d\/e\/1FAIpQLSdUhTkdLUVRdJt30Vuyb27C74QPeeExPOV6kCv6CjdnXpHknA\/viewform<\/a><\/p>\n<ul>\n<li>MODIFICACI\u00d3N DE MATR\u00cdCULA &#8211; CURSO 2025\/2026<\/li>\n<\/ul>\n<p style=\"padding-left: 40px;\"><a href=\"https:\/\/docs.google.com\/forms\/d\/e\/1FAIpQLScs5r239YATydOxtRRMt0-MqUu1Gq14afszK6w_OGgghHyIGA\/viewform\">https:\/\/docs.google.com\/forms\/d\/e\/1FAIpQLScs5r239YATydOxtRRMt0-MqUu1Gq14afszK6w_OGgghHyIGA\/viewform<\/a><\/p>\n<ul>\n<li>LISTA DE ESPERA DE DANZA &#8211; CURSO 2025\/2026<\/li>\n<\/ul>\n<p style=\"padding-left: 40px;\"><a href=\"https:\/\/docs.google.com\/forms\/d\/e\/1FAIpQLScXlIQzYL3LoiubG-q1xBSHsWdqQ55duzAlBU6iADNxXOb6YA\/viewform\">https:\/\/docs.google.com\/forms\/d\/e\/1FAIpQLScXlIQzYL3LoiubG-q1xBSHsWdqQ55duzAlBU6iADNxXOb6YA\/viewform<\/a><\/p>\n<p><span lang=\"es-ES\"><b>INSTRUMENTOS<\/b><\/span><\/p>\n<p><span lang=\"es-ES\">Dol\u00e7aina, Tabal, Guitarra Cl\u00e1sica, Guitarra El\u00e9ctrica, Clarinete, Sax\u00f3fono, Flauta Travesera, Canto, Piano, Percusi\u00f3n, Trompeta, Tromb\u00f3n, Tuba y Bombardino.<\/span><\/p>\n<p><span lang=\"es-ES\"><b>DANZA<\/b><\/span><\/p>\n<ul>\n<li><span lang=\"es-ES\">Danza Cl\u00e1sica <\/span><span lang=\"es-ES\"><i>(Ballet)<\/i><\/span><\/li>\n<li><span lang=\"es-ES\">Danza Contempor\u00e1nea <\/span><span lang=\"es-ES\"><i>(Baile Moderno)<\/i><\/span><\/li>\n<li>Ballet fitness (Adultos\/Adolescentes)<\/li>\n<\/ul>\n<p><span lang=\"es-ES\"><b>ADEM\u00c1S<\/b><\/span><\/p>\n<ul>\n<li><span lang=\"es-ES\">M\u00fasica para beb\u00e9s: 0 a 3 a\u00f1os.<\/span><\/li>\n<li><span lang=\"es-ES\">Fasolet: 3 a 5 a\u00f1os.<\/span><\/li>\n<li><span lang=\"es-ES\">Lenguaje Musical: a partir de 6 a\u00f1os.<\/span><\/li>\n<li><span lang=\"es-ES\">Lenguaje Musical para adultos.<\/span><\/li>\n<li><span lang=\"es-ES\">Colla de Dol\u00e7ainers, Batucada, Coro, Brass Band i Banda Juvenil.<\/span><\/li>\n<\/ul>\n<p>Enlace de MATR\u00cdCULA . Curso 2024\/2025:<\/p>\n<p><a href=\"https:\/\/xalo.reservaplay.com\/view\/reserves\/actividades\/id\/42\">https:\/\/xalo.reservaplay.com\/view\/reserves\/actividades\/id\/42<\/a><\/p>\n<p>El orden de elegir horario ser\u00e1 por riguroso orden de matr\u00edcula<\/p>\n<table border=\"1\" width=\"673\" cellspacing=\"0\" cellpadding=\"9\">\n<colgroup>\n<col width=\"295\" \/>\n<col width=\"340\" \/> <\/colgroup>\n<tbody>\n<tr valign=\"TOP\">\n<td bgcolor=\"#f2f2f2\" width=\"295\">\n<p align=\"LEFT\"><span lang=\"es-ES\"><b>PROFESOR\/A<\/b><\/span><\/p>\n<\/td>\n<td bgcolor=\"#f2f2f2\" width=\"340\">\n<p align=\"LEFT\"><span lang=\"es-ES\"><b>ESPECIALIDAD\/ ASIGNATURAS<\/b><\/span><\/p>\n<\/td>\n<\/tr>\n<tr valign=\"TOP\">\n<td width=\"295\">EDUARDO NADAL LAGO<\/td>\n<td width=\"340\">Tromb\u00f3n<\/td>\n<\/tr>\n<tr valign=\"TOP\">\n<td width=\"295\">JAUME RIPOLL BERTOMEU<\/td>\n<td width=\"340\">Trompeta, lenguaje musical y banda juvenil<\/td>\n<\/tr>\n<tr valign=\"TOP\">\n<td width=\"295\">ALICIA GARCIA MART\u00cd<\/td>\n<td width=\"340\"><span lang=\"es-ES\">Flauta Travesera<\/span><\/td>\n<\/tr>\n<tr valign=\"TOP\">\n<td width=\"295\">ALICIA CABRERA CARDONA<\/td>\n<td width=\"340\"><span lang=\"es-ES\">Sax\u00f3fono y Lenguaje Musical<\/span><\/td>\n<\/tr>\n<tr valign=\"TOP\">\n<td width=\"295\">MAR\u00cdA ESTEVE LILLO<\/td>\n<td width=\"340\">Danza cl\u00e1sica (ballet), danza contempor\u00e1nea (baile moderno), ballet fitness (adultos\/ adolescentes) y danza y movimiento<\/td>\n<\/tr>\n<tr valign=\"TOP\">\n<td width=\"295\"><span lang=\"es-ES\">JUAN PEDR\u00d3S MOLL<\/span><\/td>\n<td width=\"340\"><span lang=\"es-ES\">Percusi\u00f3n, Batucada, Lenguaje Musical y FASOLET<\/span><\/td>\n<\/tr>\n<tr valign=\"TOP\">\n<td width=\"295\">SANDRA BALSERA MATANZAS<\/td>\n<td width=\"340\">Clarinete y lenguaje musical<\/td>\n<\/tr>\n<tr valign=\"TOP\">\n<td width=\"295\">ROM\u00c1N MAGNANELLI<\/td>\n<td width=\"340\"><span lang=\"es-ES\">Guitarra El\u00e9ctrica i Guitarra Cl\u00e1sica<\/span><\/td>\n<\/tr>\n<tr valign=\"TOP\">\n<td width=\"295\">LELLANY LIZANA LIZBETH<\/td>\n<td width=\"340\"><span lang=\"es-ES\">Piano<\/span><\/td>\n<\/tr>\n<tr valign=\"TOP\">\n<td width=\"295\"><span lang=\"es-ES\">SILVIA L\u00d3PEZ PE\u00d1A<\/span><\/td>\n<td width=\"340\"><span lang=\"es-ES\">Canto y Coro<\/span><\/td>\n<\/tr>\n<tr valign=\"TOP\">\n<td width=\"295\"><span lang=\"es-ES\">M\u00aa DOLORS M\u00c1S PICORNELL<\/span><\/td>\n<td width=\"340\"><span lang=\"es-ES\">M\u00fasica para beb\u00e9s<\/span><\/td>\n<\/tr>\n<tr valign=\"TOP\">\n<td width=\"295\">ANTONIO SALVADOR CLIMENT<\/td>\n<td width=\"340\">Dol\u00e7aina i Colla de Dol\u00e7aines<\/td>\n<\/tr>\n<\/tbody>\n<\/table>\n<p>Profesores\/ras titulados y con experiencia tanto docente como interpretativa.<\/p>\n<p>Preparaci\u00f3n para pruebas de acceso al Grado Profesional del Conservatorio.<\/p>\n<p><span lang=\"es-ES\"><b>EQUIPO DIRECTIVO.<\/b><\/span><\/p>\n<ul>\n<li>EUGENIA MESTRE MONSERRAT<\/li>\n<li>JUAN PEDR\u00d3S MOLL<\/li>\n<\/ul>\n<p><strong><a href=\"https:\/\/www.xalo.org\/wp-content\/uploads\/2024\/03\/PEC-PROJECTE-EDUCATIU-DEL-CENTRE-ESCOLA-DE-MUSICA-I-DANSA-DE-XALO.pdf\">PROYECTO EDUCATIVO DEL CENTRO<\/a><\/strong><\/p>\n<h1>Galer\u00eda<\/h1>\n\n\t\t<style type=\"text\/css\">\n\t\t\t#gallery-2 {\n\t\t\t\tmargin: auto;\n\t\t\t}\n\t\t\t#gallery-2 .gallery-item {\n\t\t\t\tfloat: left;\n\t\t\t\tmargin-top: 10px;\n\t\t\t\ttext-align: center;\n\t\t\t\twidth: 33%;\n\t\t\t}\n\t\t\t#gallery-2 img {\n\t\t\t\tborder: 2px solid #cfcfcf;\n\t\t\t}\n\t\t\t#gallery-2 .gallery-caption {\n\t\t\t\tmargin-left: 0;\n\t\t\t}\n\t\t\t\/* see gallery_shortcode() in wp-includes\/media.php *\/\n\t\t<\/style>\n\t\t<div id='gallery-2' class='gallery galleryid-1370 gallery-columns-3 gallery-size-thumbnail'><dl class='gallery-item'>\n\t\t\t<dt class='gallery-icon landscape'>\n\t\t\t\t<a href='https:\/\/www.xalo.org\/wp-content\/uploads\/2015\/12\/1.jpg'><img decoding=\"async\" width=\"150\" height=\"150\" src=\"https:\/\/www.xalo.org\/wp-content\/uploads\/2015\/12\/1-150x150.jpg\" class=\"attachment-thumbnail size-thumbnail\" alt=\"\" \/><\/a>\n\t\t\t<\/dt><\/dl><dl class='gallery-item'>\n\t\t\t<dt class='gallery-icon portrait'>\n\t\t\t\t<a href='https:\/\/www.xalo.org\/wp-content\/uploads\/2015\/12\/2.jpg'><img decoding=\"async\" width=\"150\" height=\"150\" src=\"https:\/\/www.xalo.org\/wp-content\/uploads\/2015\/12\/2-150x150.jpg\" class=\"attachment-thumbnail size-thumbnail\" alt=\"\" \/><\/a>\n\t\t\t<\/dt><\/dl><dl class='gallery-item'>\n\t\t\t<dt class='gallery-icon portrait'>\n\t\t\t\t<a href='https:\/\/www.xalo.org\/wp-content\/uploads\/2015\/12\/3.jpg'><img decoding=\"async\" width=\"150\" height=\"150\" src=\"https:\/\/www.xalo.org\/wp-content\/uploads\/2015\/12\/3-150x150.jpg\" class=\"attachment-thumbnail size-thumbnail\" alt=\"\" \/><\/a>\n\t\t\t<\/dt><\/dl><br style=\"clear: both\" \/><dl class='gallery-item'>\n\t\t\t<dt class='gallery-icon landscape'>\n\t\t\t\t<a href='https:\/\/www.xalo.org\/wp-content\/uploads\/2015\/12\/4.jpg'><img decoding=\"async\" width=\"150\" height=\"150\" src=\"https:\/\/www.xalo.org\/wp-content\/uploads\/2015\/12\/4-150x150.jpg\" class=\"attachment-thumbnail size-thumbnail\" alt=\"\" \/><\/a>\n\t\t\t<\/dt><\/dl><dl class='gallery-item'>\n\t\t\t<dt class='gallery-icon landscape'>\n\t\t\t\t<a href='https:\/\/www.xalo.org\/wp-content\/uploads\/2015\/12\/6.jpg'><img decoding=\"async\" width=\"150\" height=\"150\" src=\"https:\/\/www.xalo.org\/wp-content\/uploads\/2015\/12\/6-150x150.jpg\" class=\"attachment-thumbnail size-thumbnail\" alt=\"\" \/><\/a>\n\t\t\t<\/dt><\/dl><dl class='gallery-item'>\n\t\t\t<dt class='gallery-icon landscape'>\n\t\t\t\t<a href='https:\/\/www.xalo.org\/wp-content\/uploads\/2015\/12\/7.jpg'><img decoding=\"async\" width=\"150\" height=\"150\" src=\"https:\/\/www.xalo.org\/wp-content\/uploads\/2015\/12\/7-150x150.jpg\" class=\"attachment-thumbnail size-thumbnail\" alt=\"\" \/><\/a>\n\t\t\t<\/dt><\/dl><br style=\"clear: both\" \/><dl class='gallery-item'>\n\t\t\t<dt class='gallery-icon landscape'>\n\t\t\t\t<a href='https:\/\/www.xalo.org\/wp-content\/uploads\/2015\/12\/8.jpg'><img decoding=\"async\" width=\"150\" height=\"150\" src=\"https:\/\/www.xalo.org\/wp-content\/uploads\/2015\/12\/8-150x150.jpg\" class=\"attachment-thumbnail size-thumbnail\" alt=\"\" \/><\/a>\n\t\t\t<\/dt><\/dl><dl class='gallery-item'>\n\t\t\t<dt class='gallery-icon portrait'>\n\t\t\t\t<a href='https:\/\/www.xalo.org\/wp-content\/uploads\/2015\/12\/9.jpg'><img decoding=\"async\" width=\"150\" height=\"150\" src=\"https:\/\/www.xalo.org\/wp-content\/uploads\/2015\/12\/9-150x150.jpg\" class=\"attachment-thumbnail size-thumbnail\" alt=\"\" \/><\/a>\n\t\t\t<\/dt><\/dl><dl class='gallery-item'>\n\t\t\t<dt class='gallery-icon landscape'>\n\t\t\t\t<a href='https:\/\/www.xalo.org\/wp-content\/uploads\/2015\/12\/10.jpg'><img decoding=\"async\" width=\"150\" height=\"150\" src=\"https:\/\/www.xalo.org\/wp-content\/uploads\/2015\/12\/10-150x150.jpg\" class=\"attachment-thumbnail size-thumbnail\" alt=\"\" \/><\/a>\n\t\t\t<\/dt><\/dl><br style=\"clear: both\" \/>\n\t\t<\/div>\n\n<h1>Contacto<\/h1>\n<p><strong>ESCUELA DE M\u00daSICA Y DANZA XAL\u00d3<\/strong><br \/>\nPLA\u00c7A MAJOR, S\/N XAL\u00d3<\/p>\n<ul>\n<li>Tel\u00e9fono: 629851290<\/li>\n<li>Email: <a href=\"mailto:escolademusicaidansadexalo@gmail.com\">escolademusicaidansadexalo@gmail.com<\/a><\/li>\n<li>Facebook: <a href=\"https:\/\/www.facebook.com\/escolademusicaidansadexalo\">https:\/\/www.facebook.com\/escolademusicaidansadexalo<\/a><\/li>\n<li>Instagram: <a href=\"https:\/\/www.instagram.com\/escolademusicaidansadexalo\/\">https:\/\/www.instagram.com\/escolademusicaidansadexalo<\/a><\/li>\n<\/ul>\n<div class=\"wp-block-image\"><\/div>\n<p><\/p>","protected":false},"excerpt":{"rendered":"<p>ESCUELA DE M\u00daSICA Y DANZA DE XAL\u00d3 MATR\u00cdCULA ESCUELA DE M\u00daSICA Y DANZA DE XAL\u00d3 \u2013 CURSO 2025 \/ 2026 MATR\u00cdCULA 1\u00ba PLAZO (del 16 al 30 de junio de 2025) https:\/\/xalo.reservaplay.com\/view\/reserves\/actividades\/id\/56 MATR\u00cdCULA 2\u00ba PLAZO (a partir del 1 de julio de 2025) https:\/\/xalo.reservaplay.com\/view\/reserves\/actividades\/id\/57 SOLICITUD DE BAJA https:\/\/docs.google.com\/forms\/d\/e\/1FAIpQLSdUhTkdLUVRdJt30Vuyb27C74QPeeExPOV6kCv6CjdnXpHknA\/viewform MODIFICACI\u00d3N DE MATR\u00cdCULA &#8211; CURSO 2025\/2026 https:\/\/docs.google.com\/forms\/d\/e\/1FAIpQLScs5r239YATydOxtRRMt0-MqUu1Gq14afszK6w_OGgghHyIGA\/viewform [&hellip;]<\/p>\n","protected":false},"author":1,"featured_media":4277,"parent":0,"menu_order":0,"comment_status":"closed","ping_status":"closed","template":"","meta":{"_et_pb_use_builder":"","_et_pb_old_content":"","_et_gb_content_width":"","footnotes":""},"class_list":["post-1370","page","type-page","status-publish","has-post-thumbnail","hentry"],"aioseo_notices":[],"_links":{"self":[{"href":"https:\/\/www.xalo.org\/es\/wp-json\/wp\/v2\/pages\/1370","targetHints":{"allow":["GET"]}}],"collection":[{"href":"https:\/\/www.xalo.org\/es\/wp-json\/wp\/v2\/pages"}],"about":[{"href":"https:\/\/www.xalo.org\/es\/wp-json\/wp\/v2\/types\/page"}],"author":[{"embeddable":true,"href":"https:\/\/www.xalo.org\/es\/wp-json\/wp\/v2\/users\/1"}],"replies":[{"embeddable":true,"href":"https:\/\/www.xalo.org\/es\/wp-json\/wp\/v2\/comments?post=1370"}],"version-history":[{"count":0,"href":"https:\/\/www.xalo.org\/es\/wp-json\/wp\/v2\/pages\/1370\/revisions"}],"wp:featuredmedia":[{"embeddable":true,"href":"https:\/\/www.xalo.org\/es\/wp-json\/wp\/v2\/media\/4277"}],"wp:attachment":[{"href":"https:\/\/www.xalo.org\/es\/wp-json\/wp\/v2\/media?parent=1370"}],"curies":[{"name":"wp","href":"https:\/\/api.w.org\/{rel}","templated":true}]}}