{"id":1439,"date":"2015-12-30T12:25:54","date_gmt":"2015-12-30T11:25:54","guid":{"rendered":"https:\/\/www.xalo.org\/?page_id=1439"},"modified":"2025-02-24T13:14:37","modified_gmt":"2025-02-24T12:14:37","slug":"serveis-socials-massma","status":"publish","type":"page","link":"https:\/\/www.xalo.org\/es\/el-ayuntamiento\/regidories\/benestar-social\/serveis-socials-massma\/","title":{"rendered":"Servicios Sociales MASSMA"},"content":{"rendered":"<p>Podemos diferenciar entre Servicios Sociales generales y los especializados.<\/p>\n<h4>SERVICIOS SOCIALES GENERALES:<\/h4>\n<p>\u2022\u00a0Programa de Informaci\u00f3n, Orientaci\u00f3n y Asesoramiento.<br \/>\n\u2022 Programa de Emergencia Social.<br \/>\n\u2022 Servicio de Ayuda a domicilio (SAD).<br \/>\n\u2022 Programa de Prevenci\u00f3n del Absentismo Escolar (PPAE).<br \/>\n\u2022 Programa Integraci\u00f3n Personas con Discapacidad.<\/p>\n<p><strong>Trabajadora Social:<\/strong> Ana Mart\u00ed\u00a0Buigues.<br \/>\n<strong>Horario:<\/strong> Martes y mi\u00e9rcoles de 9:30 a 13:00 horas<br \/>\n<strong>\u00bfC\u00f3mo acudir al servicio?<\/strong> Con cita previa a los tel\u00e9fonos 616532705 y 965587667.<br \/>\n<strong>Contacto:<\/strong> <a href=\"mailto:anamarti@massma.org\">anamarti@massma.org<\/a><\/p>\n<h4>SERVICIOS SOCIALES ESPECIALIZADOS:<\/h4>\n<ul>\n<li><strong>SERVICIO DE ATENCI\u00d3N A LA FAMILIA Y LA INFANCIA (SEAFI)<\/strong><\/li>\n<\/ul>\n<p><strong>\u00bfC\u00f3mo acudir al servicio?<\/strong> Contactando con los Servicios Sociales Generales de su municipio.<br \/>\n<strong>Contacto:<\/strong> Con cita previa a los tel\u00e9fonos 616532705 y 965587667.<br \/>\n<strong>E-mail: <\/strong><a href=\"mailto:anamarti@massma.org\">anamarti@massma.org<\/a><\/p>\n<ul>\n<li><strong>PROGRAMA DE APOYO A PERSONAS DEPENDIENTES<\/strong><\/li>\n<\/ul>\n<p><strong>Horario:<\/strong> Lunes de 9.00 a 15.00 h<br \/>\n<strong>\u00bfC\u00f3mo acudir al servicio?<\/strong> Contactando con los Servicios Sociales Generales de su municipio.<br \/>\n<strong>Contacto:<\/strong> Con cita previa a los tel\u00e9fonos 616532705 y 965587667.<br \/>\n<strong>E-mail:<\/strong> <a href=\"mailto:anamarti@massma.org\">anamarti@massma.org<\/a><\/p>\n<ul>\n<li><strong>SERVICIOS SOCIALES ESPECIALIZADOS DE ATENCI\u00d3N A LA DEPENDENCIA (SSEAD)<\/strong><\/li>\n<\/ul>\n<p><strong>Horario:<\/strong> Lunes de 9.30 a 11.30 h<br \/>\n<strong>\u00bfC\u00f3mo acudir al servicio?<\/strong> Con cita previa a los tel\u00e9fonos 616532705 y 965587667.<br \/>\n<strong>Contacto: <\/strong>637775573 &#8211; <a href=\"mailto:dependenciamassma@gmail.com\">dependenciamassma@gmail.com<\/a><\/p>\n<ul>\n<li><strong>G.A.M XAL\u00d3<\/strong><\/li>\n<\/ul>\n<p><strong>Horario:<\/strong> Jueves de 16.00 a 18.00 h<br \/>\n<strong>\u00bfC\u00f3mo acudir al servicio?<\/strong> Acuerdo previo con la trabajadora social.<br \/>\n<strong>Contacto:<\/strong> 637775573 &#8211; <a href=\"mailto:dependenciamassma@gmail.com\">dependenciamassma@gmail.com<\/a><\/p>\n<ul>\n<li><strong>UNIDAD DE PREVENCI\u00d3N COMUNITARIA DE CONDUCTAS ADICTIVAS (UPCCA)<\/strong><\/li>\n<\/ul>\n<p>(Recurso dependiente de la Conseller\u00eda de Sanidad Universal y Salud P\u00fablica)<br \/>\n<strong>\u00bfC\u00f3mo acudir al servicio?<\/strong> Contactando con los Servicios Sociales Generales de su municipio.<br \/>\n<strong>Contacto:<\/strong> Con cita previa. (966840101) &#8211; <a href=\"mailto:anamarti@massma.org\">anamarti@massma.org<\/a> &#8211; <a href=\"mailto:upc@massma.org\">upc@massma.org<\/a><\/p>\n<ul>\n<li><strong>SERVICIO DE ATENCI\u00d3N JUR\u00cdDICA EN IGUALDAD Y VIOLENCIA DE G\u00c9NERO<\/strong><\/li>\n<\/ul>\n<p><strong>Abogada de la MASSMA: <\/strong>Anna Miralles<br \/>\n<strong>Horario:<\/strong> Martes de 9:30 a 13:00 horas.<br \/>\n<strong>Ubicaci\u00f3n: <\/strong>Ayuntamiento de Xal\u00f3<br \/>\n<strong>\u00bfC\u00f3mo acudir al servicio?<\/strong> Con cita previa a los tel\u00e9fonos 616532705 y 965587667.<\/p>\n<p><a href=\"https:\/\/massma.org\/\">www.massma.org<\/a><\/p>","protected":false},"excerpt":{"rendered":"<p>Podemos diferenciar entre Servicios Sociales generales y los especializados. SERVICIOS SOCIALES GENERALES: \u2022\u00a0Programa de Informaci\u00f3n, Orientaci\u00f3n y Asesoramiento. \u2022 Programa de Emergencia Social. \u2022 Servicio de Ayuda a domicilio (SAD). \u2022 Programa de Prevenci\u00f3n del Absentismo Escolar (PPAE). \u2022 Programa Integraci\u00f3n Personas con Discapacidad. Trabajadora Social: Ana Mart\u00ed\u00a0Buigues. Horario: Martes y mi\u00e9rcoles de 9:30 a [&hellip;]<\/p>\n","protected":false},"author":1,"featured_media":0,"parent":830,"menu_order":0,"comment_status":"closed","ping_status":"closed","template":"","meta":{"_et_pb_use_builder":"","_et_pb_old_content":"","_et_gb_content_width":"","footnotes":""},"class_list":["post-1439","page","type-page","status-publish","hentry"],"aioseo_notices":[],"_links":{"self":[{"href":"https:\/\/www.xalo.org\/es\/wp-json\/wp\/v2\/pages\/1439","targetHints":{"allow":["GET"]}}],"collection":[{"href":"https:\/\/www.xalo.org\/es\/wp-json\/wp\/v2\/pages"}],"about":[{"href":"https:\/\/www.xalo.org\/es\/wp-json\/wp\/v2\/types\/page"}],"author":[{"embeddable":true,"href":"https:\/\/www.xalo.org\/es\/wp-json\/wp\/v2\/users\/1"}],"replies":[{"embeddable":true,"href":"https:\/\/www.xalo.org\/es\/wp-json\/wp\/v2\/comments?post=1439"}],"version-history":[{"count":0,"href":"https:\/\/www.xalo.org\/es\/wp-json\/wp\/v2\/pages\/1439\/revisions"}],"up":[{"embeddable":true,"href":"https:\/\/www.xalo.org\/es\/wp-json\/wp\/v2\/pages\/830"}],"wp:attachment":[{"href":"https:\/\/www.xalo.org\/es\/wp-json\/wp\/v2\/media?parent=1439"}],"curies":[{"name":"wp","href":"https:\/\/api.w.org\/{rel}","templated":true}]}}