{"id":1802,"date":"2016-03-15T21:13:16","date_gmt":"2016-03-15T20:13:16","guid":{"rendered":"https:\/\/www.xalo.org\/?page_id=1802"},"modified":"2021-10-18T10:21:51","modified_gmt":"2021-10-18T08:21:51","slug":"festes","status":"publish","type":"page","link":"https:\/\/www.xalo.org\/es\/festes\/","title":{"rendered":"Fiestas"},"content":{"rendered":"<p>Cada a\u00f1o, la Comisi\u00f3n de Fiestas de Xal\u00f3 presenta un programa de fiestas cargado de actividades para todos los p\u00fablicos para las fiestas de agosto (4 agost, Santo Domingo) y octubre (coincidiendo con el tercer domingo de octubre).<\/p>\n<p>An\u00edmate y ven a Xal\u00f3 a disfrutar de las Fiestas!<\/p>\n<p>Programa fiestas de octubre 2021 (en valenci\u00e0):<\/p>\n<blockquote class=\"wp-embedded-content\" data-secret=\"y9G3oCPFKr\"><p><a href=\"https:\/\/www.xalo.org\/programa-complet-de-les-festes-de-la-mare-de-deu-pobra-de-2021\/\">Programa Fiestas de la Mare de D\u00e9u Pobra 2021<\/a><\/p><\/blockquote>\n<p><iframe class=\"wp-embedded-content\" sandbox=\"allow-scripts\" security=\"restricted\" style=\"position: absolute; clip: rect(1px, 1px, 1px, 1px);\" title=\"&#8220;Programa Fiestas de la Mare de D\u00e9u Pobra 2021&#8221; &#8212; Ayto. Xal\u00f3\" src=\"https:\/\/www.xalo.org\/programa-complet-de-les-festes-de-la-mare-de-deu-pobra-de-2021\/embed\/#?secret=y9G3oCPFKr\" data-secret=\"y9G3oCPFKr\" width=\"600\" height=\"338\" frameborder=\"0\" marginwidth=\"0\" marginheight=\"0\" scrolling=\"no\"><\/iframe><\/p>\n<p>&nbsp;<\/p>\n<p>[su_posts posts_per_page=\u00bb50&#8243; tax_term=\u00bb42&#8243; tax_operator=\u00bb0&#8243; order=\u00bbdesc\u00bb]<\/p>","protected":false},"excerpt":{"rendered":"<p>Cada a\u00f1o, la Comisi\u00f3n de Fiestas de Xal\u00f3 presenta un programa de fiestas cargado de actividades para todos los p\u00fablicos para las fiestas de agosto (4 agost, Santo Domingo) y octubre (coincidiendo con el tercer domingo de octubre). An\u00edmate y ven a Xal\u00f3 a disfrutar de las Fiestas! Programa fiestas de octubre 2021 (en valenci\u00e0): [&hellip;]<\/p>\n","protected":false},"author":1,"featured_media":3612,"parent":0,"menu_order":0,"comment_status":"closed","ping_status":"closed","template":"","meta":{"_et_pb_use_builder":"","_et_pb_old_content":"","_et_gb_content_width":"","footnotes":""},"class_list":["post-1802","page","type-page","status-publish","has-post-thumbnail","hentry"],"aioseo_notices":[],"_links":{"self":[{"href":"https:\/\/www.xalo.org\/es\/wp-json\/wp\/v2\/pages\/1802","targetHints":{"allow":["GET"]}}],"collection":[{"href":"https:\/\/www.xalo.org\/es\/wp-json\/wp\/v2\/pages"}],"about":[{"href":"https:\/\/www.xalo.org\/es\/wp-json\/wp\/v2\/types\/page"}],"author":[{"embeddable":true,"href":"https:\/\/www.xalo.org\/es\/wp-json\/wp\/v2\/users\/1"}],"replies":[{"embeddable":true,"href":"https:\/\/www.xalo.org\/es\/wp-json\/wp\/v2\/comments?post=1802"}],"version-history":[{"count":0,"href":"https:\/\/www.xalo.org\/es\/wp-json\/wp\/v2\/pages\/1802\/revisions"}],"wp:featuredmedia":[{"embeddable":true,"href":"https:\/\/www.xalo.org\/es\/wp-json\/wp\/v2\/media\/3612"}],"wp:attachment":[{"href":"https:\/\/www.xalo.org\/es\/wp-json\/wp\/v2\/media?parent=1802"}],"curies":[{"name":"wp","href":"https:\/\/api.w.org\/{rel}","templated":true}]}}