{"id":2183,"date":"2016-11-24T16:51:22","date_gmt":"2016-11-24T15:51:22","guid":{"rendered":"https:\/\/www.xalo.org\/?page_id=2183"},"modified":"2026-03-05T09:52:18","modified_gmt":"2026-03-05T08:52:18","slug":"english-tap-water-analysis","status":"publish","type":"page","link":"https:\/\/www.xalo.org\/es\/english-tap-water-analysis\/","title":{"rendered":"An\u00e1lisis agua"},"content":{"rendered":"<p><strong>2026<\/strong><\/p>\n<p><a href=\"https:\/\/www.xalo.org\/es\/analitiques-daigua-de-gener-potabilitat-garantida\/\">Enero<\/a> | <a href=\"https:\/\/www.xalo.org\/es\/analitiques-daigua-de-gener-potabilitat-garantida-2\/\">Febrero<\/a><\/p>\n<p><strong>2025<\/strong><\/p>\n<p><a href=\"https:\/\/www.xalo.org\/es\/analitiques-daigua-de-juliol-potabilitat-garantida\/\">Julio<\/a> | <a href=\"https:\/\/www.xalo.org\/es\/analitiques-daigua-de-setembre-potabilitat-garantida-2\/\">Agosto | Septiembre<\/a><\/p>\n<p><strong>2024<\/strong><\/p>\n<p><a href=\"https:\/\/www.xalo.org\/es\/analitiques-daigua-de-gener-de-2024\/\">Enero<\/a> | <a href=\"https:\/\/www.xalo.org\/es\/analitiques-daigua-de-febrer-de-2024\/\">Febrero<\/a>| <a href=\"https:\/\/www.xalo.org\/es\/analitiques-daigua-de-marc-de-2024\/\">Marzo <\/a>| <a href=\"https:\/\/www.xalo.org\/es\/analitiques-daigua-dabril-de-2024\/\">Abril<\/a> | <a href=\"https:\/\/www.xalo.org\/es\/analitiques-daigua-de-juny-de-2024\/\">Mayo<\/a> | <a href=\"https:\/\/www.xalo.org\/es\/analitiques-daigua-de-juny-de-2024\/\">Junio<\/a> | <a href=\"https:\/\/www.xalo.org\/es\/analitiques-daigua-de-juliol-de-2024\/\">Julio<\/a> | <a href=\"https:\/\/www.xalo.org\/es\/analitiques-daigua-dagost-de-2024\/\">Agosto<\/a> | <a href=\"https:\/\/www.xalo.org\/es\/analitiques-daigua-de-setembre-potabilitat-garantida\">Septiembre<\/a> | <a href=\"https:\/\/www.xalo.org\/es\/analitiques-daigua-doctubre-potabilitat-garantida\/\">Octubre<\/a> | <a href=\"https:\/\/www.xalo.org\/es\/analitiques-daigua-de-desembre-potabilitat-garantida\/\">Diciembre<\/a><\/p>\n<p><span style=\"color: #000000;\"><strong>2023<\/strong><\/span><\/p>\n<p><a href=\"https:\/\/www.xalo.org\/analitiques-daigua-de-gener-de-2023\/\">Enero<\/a> | <a href=\"https:\/\/www.xalo.org\/analitiques-daigua-de-febrer-de-2023\/\">Febrero<\/a>| <a href=\"https:\/\/www.xalo.org\/es\/analitiques-daigua-de-marc-de-2023\/\">Marzo<\/a> | <a href=\"https:\/\/www.xalo.org\/es\/analitiques-daigua-dabril-de-2023\/\">Abril<\/a> | <a href=\"https:\/\/www.xalo.org\/es\/analitiques-daigua-de-maig-de-2023\/\">Mayo<\/a> | <a href=\"https:\/\/www.xalo.org\/es\/analitiques-daigua-de-juny-de-2023\/\">Junio<\/a> | <a href=\"https:\/\/www.xalo.org\/es\/analitiques-daigua-de-juliol-de-2023\/\">Julio | <\/a><a href=\"https:\/\/www.xalo.org\/es\/analitiques-daigua-dagost-de-2023\/\">Agosto<\/a><a href=\"https:\/\/www.xalo.org\/es\/analitiques-daigua-de-juliol-de-2023\/\"> | <\/a><a href=\"https:\/\/www.xalo.org\/es\/analitiques-daigua-de-setembre-de-2023\/\">Septiembre | <\/a><a href=\"https:\/\/www.xalo.org\/es\/analitiques-daigua-doctubre-de-2023\/\" target=\"_blank\" rel=\"noopener\">Octubre<\/a><a href=\"https:\/\/www.xalo.org\/analitiques-daigua-de-setembre-de-2023\/\"> | <\/a><a href=\"https:\/\/www.xalo.org\/es\/analitiques-daigua-de-novembre-de-2023\/\">Noviembre <\/a>| <a href=\"https:\/\/www.xalo.org\/es\/analitiques-daigua-de-desembre-de-2023\/\">Diciembre<\/a><\/p>\n<p><strong>2022<\/strong><\/p>\n<p><a href=\"https:\/\/www.xalo.org\/analitiques-daigua-de-gener-de-2022-potabilitat-garantida\/\">Enero<\/a> |\u00a0<a href=\"https:\/\/www.xalo.org\/analitiques-daigua-de-febrer-de-2022-potabilitat-garantida\/\">Febrero<\/a> |\u00a0<a href=\"https:\/\/www.xalo.org\/analitiques-daigua-de-marc-de-2022-potabilitat-garantida\/\">Marzo<\/a> | <a href=\"https:\/\/www.xalo.org\/analitiques-daigua-de-maig-de-2022\/\">Mayo<\/a> | <a href=\"https:\/\/www.xalo.org\/analitiques-daigua-de-juny-de-2022\/\">Junio<\/a> | <a href=\"https:\/\/www.xalo.org\/analitiques-daigua-de-juliol-de-2022\/\">Juliol<\/a> | <a href=\"https:\/\/www.xalo.org\/analitiques-daigua-dagost-de-2022\/\">Agosto<\/a> | <a href=\"https:\/\/www.xalo.org\/analitiques-daigua-de-setembre-de-2022\/\">Septiembre<\/a> | <a href=\"https:\/\/www.xalo.org\/analitiques-daigua-doctubre-de-2022\/\">Octubre<\/a> | <a href=\"https:\/\/www.xalo.org\/analitiques-daigua-de-novembre-de-2022\/\">Noviembre<\/a><\/p>\n<p><strong>2021<\/strong><\/p>\n<p><a href=\"https:\/\/www.xalo.org\/analitiques-daigua-de-gener-de-2021\/\">Enero<\/a> |\u00a0<a href=\"https:\/\/www.xalo.org\/analitiques-daigua-de-febrer-de-2021\/\">Febrero<\/a>\u00a0| <a href=\"https:\/\/www.xalo.org\/analitiques-daigua-de-marc-de-2021\/\">Marzo<\/a><strong> | <\/strong><a href=\"https:\/\/www.xalo.org\/analitiques-daigua-dabril-de-2021\/\">Abril<\/a> | <a href=\"https:\/\/www.xalo.org\/analitiques-daigua-de-maig-de-2021\/\">Mayo<\/a><a href=\"https:\/\/www.xalo.org\/analitiques-daigua-de-maig-de-2020\/\"> | <\/a><a href=\"https:\/\/www.xalo.org\/analitiques-daigua-de-juny-de-2021\/\">Junio<\/a> <a href=\"https:\/\/www.xalo.org\/analitiques-daigua-de-juny-de-2021\/\">| Julio<\/a> | <a href=\"https:\/\/www.xalo.org\/es\/analitiques-daigua-dagost-de-2021\/\">Agosto<\/a> | Septiembre | Octubre | <a href=\"https:\/\/www.xalo.org\/es\/analitiques-daigua-de-novembre-de-2021\/\">Noviembre<\/a> | Diciembre<\/p>\n<p><strong>2020<\/strong><\/p>\n<p><a href=\"https:\/\/www.xalo.org\/analitiques-daigua-de-gener\/\">Enero<\/a> | <a href=\"https:\/\/www.xalo.org\/analitiques-daigua-de-febrer\/\">Febrero<\/a> | <a href=\"https:\/\/www.xalo.org\/analitiques-daigua-de-marc\/\">Marzo<\/a> | <a href=\"https:\/\/www.xalo.org\/analitiques-daigua-dabril\/\">Abril<\/a> | <a href=\"https:\/\/www.xalo.org\/analitiques-daigua-de-maig-de-2020\/\">Mayo<\/a> | <a href=\"https:\/\/www.xalo.org\/analitiques-daigua-de-juny-de-2020\/\">Junio<\/a> | <a href=\"https:\/\/www.xalo.org\/analitiques-daigua-de-juliol-de-2020\/\">Juliol<\/a> | <a href=\"https:\/\/www.xalo.org\/analitiques-daigua-dagost-de-2020\/\">Agosto<\/a> | <a href=\"https:\/\/www.xalo.org\/analitiques-daigua-de-setembre-de-2020\/\">Septiembre<\/a> | <a href=\"https:\/\/www.xalo.org\/analitiques-daigua-doctubre-de-2020\/\">Octubre<\/a> | <a href=\"https:\/\/www.xalo.org\/analitiques-daigua-de-novembre-de-2020\/\">Noviembre<\/a> | <a href=\"https:\/\/www.xalo.org\/analitiques-daigua-de-desembre-de-2020\/\">Diciembre<\/a><\/p>\n<p><strong>2019<\/strong><\/p>\n<p><a href=\"https:\/\/www.xalo.org\/analitiques-aigua-gener-i-febrer-2019\/\">Enero y febrero<\/a><a href=\"https:\/\/www.xalo.org\/analitiques-daigua-dagost\/\">\u00a0| <\/a><a href=\"https:\/\/www.xalo.org\/analitiques-aigua-marc-i-april\/\">Marzo y abril<\/a><a href=\"https:\/\/www.xalo.org\/analitiques-daigua-dagost\/\"> | <\/a><a href=\"https:\/\/www.xalo.org\/analitiques-aigua-maig\/\">Mayo<\/a><a href=\"https:\/\/www.xalo.org\/analitiques-daigua-de-desembre\/\"> | Agosto<\/a> | | <a href=\"https:\/\/www.xalo.org\/analitiques-daigua-de-setembre\/\">Septiembre<\/a> | <a href=\"https:\/\/www.xalo.org\/analitiques-daigua-doctubre\/\">Octubre<\/a> | <a href=\"https:\/\/www.xalo.org\/analitiques-daigua-de-novembre\/\">Noviembre<\/a> | <a href=\"https:\/\/www.xalo.org\/analitiques-daigua-de-desembre\/\">Diciembre<\/a><\/p>\n<p><strong>2018<\/strong><\/p>\n<p><a href=\"https:\/\/www.xalo.org\/analitiques-aigua-gener\/\">Enero<\/a> | <a href=\"https:\/\/www.xalo.org\/analitiques-aigua-gener\/\">Febrero<\/a> | <a href=\"https:\/\/www.xalo.org\/analitiques-aigua-marc\/\">Marzo<\/a> | <a href=\"https:\/\/www.xalo.org\/analitiques-aigua-abril\/\">Abril<\/a> | <a href=\"https:\/\/www.xalo.org\/wp-content\/uploads\/2018\/09\/Almazara-mayo-2018.pdf\">Mayo<\/a>\u00a0| <a href=\"https:\/\/www.xalo.org\/analisi-daigua-complet-a-diposits-i-xarxa-2\/\">Junio<\/a> | <a href=\"https:\/\/www.xalo.org\/analitiques-aigua-juliol\/\">Julio | <\/a><a href=\"https:\/\/www.xalo.org\/analitiques-aigua-agost\/\">Agosto | <\/a><a href=\"https:\/\/www.xalo.org\/analitiques-aigua-setembreioctubre\/\">Septiembre y octubre<\/a><\/p>\n<p>En 2016, tras un largo periodo de incidencias del agua vuelve a ser declarada potable. Todos los meses comprobamos la calidad del agua en los siguientes puntos:<\/p>\n<p>El agua viene de la planta de Parcent, viene a Xal\u00f3 y el primer punto de control est\u00e1 en la Tourist Info. Entonces los conductos se dividen en dos l\u00edneas: una va al Valle Para\u00edso y la otra en La Almazara.<\/p>\n<p>El casco urbano tiene el 70% de agua de Parcent, mezcla con un 30% de la Definitiva (Ll\u00edber). Se comprueba en el ayuntamiento y en el polideportivo.<\/p>\n<p><strong>2017<\/strong><\/p>\n<p><a href=\"https:\/\/www.xalo.org\/analisi-daigua-complet-a-diposits-i-xarxa-2\/\">Junio<\/a> | <a href=\"https:\/\/www.xalo.org\/analitiques-aigua-juliol\/\">Julio<\/a> | <a href=\"https:\/\/www.xalo.org\/es\/informes-daigua-octubre-2017\/\">Octubre<\/a> | <a href=\"https:\/\/www.xalo.org\/analitiques-aigua-novembre-2017\/\">Noviembre<\/a> | <a href=\"https:\/\/www.xalo.org\/analitiques-aigua-desembre-2017\/\">Diciembre<\/a><\/p>","protected":false},"excerpt":{"rendered":"<p>2026 Enero | Febrero 2025 Julio | Agosto | Septiembre 2024 Enero | Febrero| Marzo | Abril | Mayo | Junio | Julio | Agosto | Septiembre | Octubre | Diciembre 2023 Enero | Febrero| Marzo | Abril | Mayo | Junio | Julio | Agosto | Septiembre | Octubre | Noviembre | Diciembre 2022 [&hellip;]<\/p>\n","protected":false},"author":1,"featured_media":2151,"parent":0,"menu_order":0,"comment_status":"closed","ping_status":"closed","template":"","meta":{"_et_pb_use_builder":"off","_et_pb_old_content":"<p><a href=\"https:\/\/www.xalo.org\/wp-content\/uploads\/2016\/11\/botanalitiques.jpg\"><img class=\"alignnone wp-image-2151 size-thumbnail\" src=\"https:\/\/www.xalo.org\/wp-content\/uploads\/2016\/11\/botanalitiques-150x150.jpg\" alt=\"alitiques\" width=\"150\" height=\"150\" \/><\/a><\/p><p><strong>2018<\/strong><\/p><p>Auguts: <a href=\"https:\/\/www.xalo.org\/analitiques-aigua-agost\/\">https:\/\/www.xalo.org\/analitiques-aigua-agost\/<\/a><\/p><p>July: <a href=\"https:\/\/www.xalo.org\/analitiques-aigua-juliol\/\">https:\/\/www.xalo.org\/analitiques-aigua-juliol\/<\/a><\/p><p>June: <a href=\"https:\/\/www.xalo.org\/analisi-daigua-complet-a-diposits-i-xarxa-2\/\">https:\/\/www.xalo.org\/analisi-daigua-complet-a-diposits-i-xarxa-2\/<\/a><\/p><p>Maig:<\/p><p>Abril: <a href=\"https:\/\/www.xalo.org\/analitiques-aigua-abril\/\">https:\/\/www.xalo.org\/analitiques-aigua-abril\/<\/a><\/p><p>Mar\u00e7:<a href=\"https:\/\/www.xalo.org\/analitiques-aigua-marc\/\"> https:\/\/www.xalo.org\/analitiques-aigua-marc\/<\/a><\/p><p>Febrer: <a href=\"https:\/\/www.xalo.org\/analitiques-aigua-gener\/\">https:\/\/www.xalo.org\/analitiques-aigua-gener\/<\/a><\/p><p>Gener: <a href=\"https:\/\/www.xalo.org\/analitiques-aigua-gener\/\">https:\/\/www.xalo.org\/analitiques-aigua-gener\/<\/a><\/p><p>El servei d'aigua de Xal\u00f3 t\u00e9 des de 2017 el qualificatiu d'aigua potable, despr\u00e9s d'un llarg per\u00edode de no potabilitat. Despr\u00e9s d'anys amb un nivell de qualitat d'aigua molt baix cal potenciar l'acc\u00e9s a la informaci\u00f3 de la ciutadania per recuperar la confian\u00e7a en la qualitat de l'aigua del nostre poble.<\/p><p>Per aix\u00f2, l'Ajuntament ha multiplicat per tres el nombre d'anal\u00edtiques que es duen a terme, i fa p\u00fabliques mostres regularment.<\/p><p>Recordem que l'aigua de Xal\u00f3 \u00e9s h\u00e0bil per a qualsevol consum hum\u00e0.<\/p><p><strong>2017<\/strong><\/p><p>Desembre 2017: <a href=\"https:\/\/www.xalo.org\/analitiques-aigua-desembre-2017\/\">https:\/\/www.xalo.org\/analitiques-aigua-desembre-2017\/<\/a><\/p><p>Novembre 2017: <a href=\"https:\/\/www.xalo.org\/analitiques-aigua-novembre-2017\/\">https:\/\/www.xalo.org\/analitiques-aigua-novembre-2017\/<\/a><\/p><p><a href=\"https:\/\/www.xalo.org\/es\/informes-daigua-octubre-2017\/\">Octubre 2017<\/a>: https:\/\/www.xalo.org\/es\/informes-daigua-octubre-2017\/<\/p><p><a href=\"https:\/\/www.xalo.org\/analitiques-aigua-juliol\/\">Juliol 2017<\/a>: https:\/\/www.xalo.org\/analitiques-aigua-juliol\/<\/p><p><a href=\"https:\/\/www.xalo.org\/analisi-daigua-complet-a-diposits-i-xarxa-2\/\">Juny 2017<\/a>: https:\/\/www.xalo.org\/analisi-daigua-complet-a-diposits-i-xarxa-2\/<\/p><p>In 2016, after a long period of problems, water was declared potable again by Public Health. Every month Public Health checks the quality of tap water.<\/p><p>There are a few points where water quality is analized:<\/p><p>Water comes from the plant in Parcent, comes into Xal\u00f3 and the first check point is at the Tourist Info. Then the pipeline goes up and is divides in two lines: one goes to the deposit of Valle Paraiso, the other one to La Almazara. Both the urbanisations have a check point but the water is the same water as checked at the Tourist Info.<\/p><p>The other part and the centre of the village has 70% water from Parcent, mixed with 30% water from the well of la Definitiva (Ll\u00edber). The water of this well contains salt, the less water we have to use from this well, the better. There are two check points, one at the sports centre and one at townhall, its the same water.<\/p><p><strong>2017<\/strong><\/p><p>Desembre 2017: <a href=\"https:\/\/www.xalo.org\/analitiques-aigua-desembre-2017\/\">https:\/\/www.xalo.org\/analitiques-aigua-desembre-2017\/<\/a><\/p><p>Novembre 2017: <a href=\"https:\/\/www.xalo.org\/analitiques-aigua-novembre-2017\/\">https:\/\/www.xalo.org\/analitiques-aigua-novembre-2017\/<\/a><\/p><p><a href=\"https:\/\/www.xalo.org\/es\/informes-daigua-octubre-2017\/\">Octubre 2017<\/a>: https:\/\/www.xalo.org\/es\/informes-daigua-octubre-2017\/<\/p><p><a href=\"https:\/\/www.xalo.org\/analitiques-aigua-juliol\/\">Juliol 2017<\/a>: https:\/\/www.xalo.org\/analitiques-aigua-juliol\/<\/p><p><a href=\"https:\/\/www.xalo.org\/analisi-daigua-complet-a-diposits-i-xarxa-2\/\">Juny 2017<\/a>: https:\/\/www.xalo.org\/analisi-daigua-complet-a-diposits-i-xarxa-2\/<\/p><p>\u00a0<\/p><p>\u00a0<\/p><p>\u00a0<\/p>","_et_gb_content_width":"","footnotes":""},"class_list":["post-2183","page","type-page","status-publish","has-post-thumbnail","hentry"],"aioseo_notices":[],"_links":{"self":[{"href":"https:\/\/www.xalo.org\/es\/wp-json\/wp\/v2\/pages\/2183","targetHints":{"allow":["GET"]}}],"collection":[{"href":"https:\/\/www.xalo.org\/es\/wp-json\/wp\/v2\/pages"}],"about":[{"href":"https:\/\/www.xalo.org\/es\/wp-json\/wp\/v2\/types\/page"}],"author":[{"embeddable":true,"href":"https:\/\/www.xalo.org\/es\/wp-json\/wp\/v2\/users\/1"}],"replies":[{"embeddable":true,"href":"https:\/\/www.xalo.org\/es\/wp-json\/wp\/v2\/comments?post=2183"}],"version-history":[{"count":0,"href":"https:\/\/www.xalo.org\/es\/wp-json\/wp\/v2\/pages\/2183\/revisions"}],"wp:featuredmedia":[{"embeddable":true,"href":"https:\/\/www.xalo.org\/es\/wp-json\/wp\/v2\/media\/2151"}],"wp:attachment":[{"href":"https:\/\/www.xalo.org\/es\/wp-json\/wp\/v2\/media?parent=2183"}],"curies":[{"name":"wp","href":"https:\/\/api.w.org\/{rel}","templated":true}]}}