{"id":2188,"date":"2016-11-30T11:28:49","date_gmt":"2016-11-30T10:28:49","guid":{"rendered":"https:\/\/www.xalo.org\/?page_id=2188"},"modified":"2025-02-17T12:44:50","modified_gmt":"2025-02-17T11:44:50","slug":"documents","status":"publish","type":"page","link":"https:\/\/www.xalo.org\/es\/el-ayuntamiento\/documents\/","title":{"rendered":"Documentos para tr\u00e1mites del ayuntamiento"},"content":{"rendered":"<p><strong>MODELOS DE SOLICITUD:<\/strong><\/p>\n<p>En esta secci\u00f3n podr\u00e1 descargar los modelos de solicitud para presentar instancias en el Ayuntamiento.<\/p>\n<p>Para visualizar los documentos necesita tener instalado Adobe Reader en su ordenador.<\/p>\n<table width=\"98%\">\n<tbody>\n<tr>\n<td width=\"29%\"><strong>Documento<\/strong><\/td>\n<td width=\"63%\"><strong>Utilidad<\/strong><\/td>\n<td width=\"5%\"><\/td>\n<\/tr>\n<tr>\n<td width=\"29%\">Instancia gen\u00e9rica<\/td>\n<td width=\"63%\">Modelo para cualquier tipo de solicitud, comunicado, queja, etc. que se quiera presentar en el Ayuntamiento. (Documento con campos editables).<\/td>\n<td width=\"5%\"><\/td>\n<\/tr>\n<tr>\n<td width=\"29%\"><\/td>\n<td width=\"63%\"><\/td>\n<td width=\"5%\"><\/td>\n<\/tr>\n<tr>\n<td width=\"29%\">Solicitud Informe Urban\u00edstico<\/td>\n<td width=\"63%\">Modelo de solicitud de informe urban\u00edstico previo a la petici\u00f3n de autorizaci\u00f3n ambiental integrada, licencia ambiental, declaraci\u00f3n responsable ambiental o comunicaci\u00f3n de actividades inocuas (actividades incluidas en el \u00e1mbito de aplicaci\u00f3n de la Ley 6\/2014, de 25 de julio, de la Generalitat, de Prevenci\u00f3n, Calidad y Control Ambiental de Actividades en la Comunidad Valenciana)<\/td>\n<td width=\"5%\"><\/td>\n<\/tr>\n<tr>\n<td width=\"29%\">\n<div class=\"traductor-textarea form-group\">\n<div class=\"textarea-desti col-xs-12 col-sm-6\">\n<div class=\"form-control second-textarea\">Solicitud Licencia ambiental<\/div>\n<\/div>\n<\/div>\n<div class=\"traductor-checkbox form-group\">\n<div class=\"row\">\n<div class=\"col-sm-offset-2 col-sm-5\"><\/div>\n<\/div>\n<\/div>\n<\/td>\n<td width=\"63%\">\n<div class=\"traductor-textarea form-group\">\n<div class=\"textarea-desti col-xs-12 col-sm-6\">\n<div class=\"form-control second-textarea\">Actividades incluidas en el anexo II de la <em>Ley 6\/2014, de 25 de julio, de la Generalitat, de Prevenci\u00f3n, Calidad y Control Ambiental de Actividades en la Comunidad Valenciana.<\/em><\/div>\n<\/div>\n<\/div>\n<\/td>\n<td width=\"5%\"><\/td>\n<\/tr>\n<tr>\n<td width=\"29%\">\n<div class=\"traductor-textarea form-group\">\n<div class=\"textarea-desti col-xs-12 col-sm-6\">\n<div class=\"form-control second-textarea\">Solicitud Declaraci\u00f3n Responsable Ambiental<\/div>\n<\/div>\n<\/div>\n<\/td>\n<td width=\"63%\">\n<div class=\"traductor-textarea form-group\">\n<div class=\"textarea-desti col-xs-12 col-sm-6\">\n<div class=\"form-control second-textarea\">Actividades que no est\u00e9n sometidas, atendiendo su escasa incidencia ambiental, ni al r\u00e9gimen de autorizaci\u00f3n ambiental integrada ni de licencia ambiental, y que no puedan considerarse inocuas por no cumplir alguna de las condiciones establecidas en el anexo III de la <em>Ley 6\/2014, de 25 de julio, de la Generalitat, de Prevenci\u00f3n, Calidad y Control Ambiental de Actividades en la Comunidad Valenciana.<\/em><\/div>\n<\/div>\n<\/div>\n<\/td>\n<td width=\"5%\"><\/td>\n<\/tr>\n<tr>\n<td width=\"29%\">\n<div class=\"traductor-textarea form-group\">\n<div class=\"textarea-desti col-xs-12 col-sm-6\">\n<div class=\"form-control second-textarea\">Solicitud Comunicaci\u00f3n de Actividades Inocuas<\/div>\n<\/div>\n<\/div>\n<\/td>\n<td width=\"63%\">\n<div class=\"traductor-textarea form-group\">\n<div class=\"textarea-desti col-xs-12 col-sm-6\">\n<div class=\"form-control second-textarea\">Actividades que cumplan todas las condiciones establecidas en el anexo III de la <em>Ley 6\/2014, de 25 de julio, de la Generalitat, de Prevenci\u00f3n, Calidad y Control Ambiental de Actividades en la Comunidad Valenciana.<\/em><\/div>\n<\/div>\n<\/div>\n<\/td>\n<td width=\"5%\"><\/td>\n<\/tr>\n<tr>\n<td width=\"29%\">\n<div class=\"traductor-textarea form-group\">\n<div class=\"textarea-desti col-xs-12 col-sm-6\">\n<div class=\"form-control second-textarea\">Solicitud Declaraci\u00f3n<\/div>\n<\/div>\n<\/div>\n<p><strong><em>OBTENCI\u00d3N LICENCIA DE APERTURA<\/em><\/strong><\/td>\n<td width=\"63%\">\n<div class=\"traductor-textarea form-group\">\n<div class=\"textarea-desti col-xs-12 col-sm-6\">\n<div class=\"form-control second-textarea\">Actividades\u00a0 comprendidas\u00a0 en la <em>Ley 14\/2010, de 3 de diciembre, de Espect\u00e1culos P\u00fablicos, Actividades Recreativas y Establecimientos P\u00fablicos (bar, cafeter\u00eda, restaurante, pub, ludotecas,&#8230; seg\u00fan cat\u00e1logo anexo a la Ley 14\/2010), excepto las compresas en el art\u00edculo 10 de la dicha Ley 14\/2010.<\/em><\/div>\n<\/div>\n<\/div>\n<\/td>\n<td width=\"5%\"><\/td>\n<\/tr>\n<tr>\n<td width=\"29%\"><\/td>\n<td width=\"63%\"><\/td>\n<td width=\"5%\"><\/td>\n<\/tr>\n<tr>\n<td width=\"29%\"><\/td>\n<td width=\"63%\"><\/td>\n<td width=\"5%\"><\/td>\n<\/tr>\n<tr>\n<td width=\"29%\">\n<div class=\"traductor-textarea form-group\">\n<div class=\"textarea-desti col-xs-12 col-sm-6\">\n<div class=\"form-control second-textarea\">Solicitud de Cambio de titularidad del contrato de agua potable<\/div>\n<\/div>\n<\/div>\n<\/td>\n<td width=\"63%\">\n<div class=\"traductor-textarea form-group\">\n<div class=\"textarea-desti col-xs-12 col-sm-6\">\n<div class=\"form-control second-textarea\">Modelo de solicitud de cambio de titularidad del contrato del suministro de agua potable.<\/div>\n<\/div>\n<\/div>\n<\/td>\n<td width=\"5%\"><\/td>\n<\/tr>\n<\/tbody>\n<\/table>\n<div class=\"traductor-textarea form-group\">\n<div class=\"textarea-desti col-xs-12 col-sm-6\">\n<div><\/div>\n<div class=\"form-control second-textarea\"><strong>NOTA:<\/strong> Las instancias se tienen que presentar en papel y firmadas en el registro de entrada del Ayuntamiento. No ser\u00e1n v\u00e1lidas aquellas instancias enviadas por correo electr\u00f3nico u otros medios donde no se pueda garantizar la identidad del solicitante.<\/div>\n<\/div>\n<\/div>\n<p><strong>Contactar con el Ayuntamiento de Xal\u00f3:<\/strong><\/p>\n<ul>\n<li>Acudiendo en el propio ayuntamiento ubicado en la calle La Iglesia 27<br \/>\nPor correo en la direcci\u00f3n: C\/ La Iglesia, 27 \u2013 C.P. 03727 \u2013 Xal\u00f3 (Alicante)<\/li>\n<li>Por tel\u00e9fono: 966480101<\/li>\n<li>Por e-mail:\u00a0<a href=\"mailto:info@xalo.org\">info@xalo.org<\/a><\/li>\n<\/ul>\n<p><strong>Horario de atenci\u00f3n al p\u00fablico:<\/strong> lunes a viernes de 9:30 a 14:00.<\/p>\n<h3><strong>DOCUMENTOS DISPONIBLES<\/strong><\/h3>\n<h4><strong>GEN\u00c9RICOS<\/strong><\/h4>\n<p><a href=\"https:\/\/xalo.sedelectronica.es\/info.0\">Sede Electr\u00f3nica<\/a><\/p>\n<p><a href=\"https:\/\/www.xalo.org\/el-ayuntamiento\/documents\/instancia_original-3\/\" rel=\"attachment wp-att-5544\">Instancia gen\u00e9rcia<\/a><\/p>\n<p><a href=\"https:\/\/www.xalo.org\/wp-content\/uploads\/2016\/11\/Empadronament-trilingue_Agost-2017.docx\">Solicitud de empadronamiento <\/a>(Idiomes valenci\u00e0, castell\u00e0 i angl\u00e9s)<\/p>\n<p><a href=\"https:\/\/www.xalo.org\/wp-content\/uploads\/2025\/02\/OCUPACIO-VIA-PUBLICA.pdf\">Solicitud para ocupaci\u00f3n de la v\u00eda p\u00fablica<\/a><\/p>\n<p data-pm-slice=\"1 1 []\"><a href=\"https:\/\/www.xalo.org\/wp-content\/uploads\/2025\/02\/impres-BUSTIES.pdf\">Solicitud de autorizaci\u00f3n para el uso de buzones pluridomiciliados<\/a><\/p>\n<h4><strong>AGUA<\/strong><\/h4>\n<p><a href=\"https:\/\/www.xalo.org\/wp-content\/uploads\/2025\/02\/2.0-Solicitud-Cambio-de-titularidad.doc\">Solicitud de cambio de titular de agua potable<\/a><\/p>\n<p><a href=\"https:\/\/www.xalo.org\/el-ayuntamiento\/documents\/2-0-solicitud-cambio-domiciliacion\/\" rel=\"attachment wp-att-5546\">Solicitud de cambio de domicilio de agua potable<\/a><\/p>\n<p><a href=\"https:\/\/www.xalo.org\/el-ayuntamiento\/documents\/2-0-solicitud-alta-contador\/\" rel=\"attachment wp-att-5545\">Solicitud de alta de contador de agua potable<\/a><\/p>\n<p data-pm-slice=\"1 1 []\"><a href=\"https:\/\/www.xalo.org\/wp-content\/uploads\/2025\/02\/2.0-Instancia-Fuga-valencia.doc\">Solicitud de detecci\u00f3n de fuga de agua<\/a><\/p>\n<h4><strong>URBANISMO<\/strong><\/h4>\n<p><a href=\"https:\/\/www.xalo.org\/el-ayuntamiento\/documents\/2-0-solicitud-informe-c-turistica\/\" rel=\"attachment wp-att-5548\">Solicitud de informe de contabilidad tur\u00edstica<\/a><\/p>\n<p><a href=\"https:\/\/www.xalo.org\/el-ayuntamiento\/documents\/2-0-solicitud-primera-ocupacion\/\" rel=\"attachment wp-att-5549\">Solicitud de primera ocupaci\u00f3n<\/a><\/p>\n<p><a href=\"https:\/\/www.xalo.org\/el-ayuntamiento\/documents\/2-0-solicitud-segunda-o-posterior-ocupacion\/\" rel=\"attachment wp-att-5550\">Solicitud de segunda ocupaci\u00f3n o posterior<\/a><\/p>\n<p><a href=\"https:\/\/www.xalo.org\/el-ayuntamiento\/documents\/cambio-titular-activitats\/\" rel=\"attachment wp-att-5551\">Solicitud de cambio de titular de actividades<\/a><\/p>\n<p><a href=\"https:\/\/www.xalo.org\/wp-content\/uploads\/2016\/11\/01-Declaraci\u00f3n-Response-Licencia-Apertura-ACTIVIDADES-RECREATIVAS.pdf\">Declaraci\u00f3n responsable para la obtenci\u00f3n de licencia de apertura. Actividades recreativas<\/a><\/p>\n<p><a href=\"https:\/\/www.xalo.org\/wp-content\/uploads\/2016\/11\/02-DECLARACI\u00d3N-RESPONSABLE-CAMBIO-TITULAR-01.pdf\">02 DECLARACI\u00d3N RESPONSABLE CAMBIO TITULAR 0100 SOLICITUD INFORME URBAN\u00cdSTICO<\/a><\/p>\n<p><a href=\"https:\/\/www.xalo.org\/wp-content\/uploads\/2018\/02\/04-COMUNICACI\u00d3N-DE-ACTIVIDADES-INOCUAS.doc\">04 COMUNICACI\u00d3N DE ACTIVIDADES IN\u00d3CUAS<\/a><\/p>\n<p><a href=\"https:\/\/www.xalo.org\/wp-content\/uploads\/2018\/02\/03-DECLARACI\u00d3N-RESPONSABLE-AMBIENTAL.doc\">03 DECLARACI\u00d3N RESPONSABLE AMBIENTAL<\/a><\/p>\n<p><a href=\"https:\/\/www.xalo.org\/wp-content\/uploads\/2018\/02\/02-LICENCIA-AMBIENTAL.doc\">02 LICENCIA AMBIENTAL<\/a><\/p>\n<p><a href=\"https:\/\/www.xalo.org\/wp-content\/uploads\/2018\/02\/02-DECLARACI\u00d3N-RESPONSABLE-CAMBIO-TITULAR-01.pdf\">02 DECLARACI\u00d3N RESPONSABLE CAMBIO TITULAR 01<\/a><\/p>\n<p><a href=\"https:\/\/www.xalo.org\/wp-content\/uploads\/2018\/02\/01-Declaraci\u00f3n-Response-Licencia-Apertura-ACTIVIDADES-RECREATIVAS.pdf\">01 DECLARACI\u00d3 RESPONSABLE LICENCIA APERTURA.\u00a0 ACTIVIDADES RECREATIVAS<\/a><\/p>\n<p><a href=\"https:\/\/www.xalo.org\/wp-content\/uploads\/2018\/02\/00-SOLICITUD-INFORME-URBAN\u00cdSTICO.doc\">00 SOLICITUD INFORME URBAN\u00cdSTICO<\/a><\/p>\n<p><a href=\"https:\/\/www.xalo.org\/wp-content\/uploads\/2018\/02\/00-RESUMEN-SOLICITUDES-ACTIVIDADES.doc\">00 RESUMEN SOLICITUD ACTIVIDADES<\/a><\/p>\n<p><a href=\"https:\/\/www.xalo.org\/wp-content\/uploads\/2018\/02\/Instancia_original.doc\">Instancia original<\/a><\/p>\n<p><a href=\"https:\/\/www.xalo.org\/wp-content\/uploads\/2018\/02\/09-DESISTIMIENTO-DE-SOLICITUD.doc\">09 DESESTIMIENTO DE SOLICITUD<\/a><\/p>\n<p><a href=\"https:\/\/www.xalo.org\/el-ayuntamiento\/documents\/2021_007555-icio-y-modulos\/\" rel=\"attachment wp-att-5037\">ICIO i m\u00f3dulos<\/a><\/p>\n<p><a href=\"https:\/\/www.xalo.org\/el-ayuntamiento\/documents\/declaracio-responsable-obres-nucli-historic-reformas-sin-ampliacion-y-obra-menor\/\" rel=\"attachment wp-att-5038\">Solicitud de licencia de obra en N\u00daCLEO HIST\u00d3RICO<\/a><\/p>\n<p><a href=\"https:\/\/www.xalo.org\/el-ayuntamiento\/documents\/sol-licitud-llicencia-dobra-no-nucli-historic\/\" rel=\"attachment wp-att-5041\">Solicitud de licencia de obra NO N\u00daCLEO HIST\u00d3RICO<\/a><\/p>\n<p><a href=\"https:\/\/www.xalo.org\/el-ayuntamiento\/documents\/declaracio-responsable-obres-nucli-historic-reformas-sin-ampliacion-y-obra-menor\/\" rel=\"attachment wp-att-5038\">Declaraci\u00f3n responsable obras N\u00daCLEO HIST\u00d3RICO reformas sin ampliaci\u00f3n y obra menor<\/a><\/p>\n<p><a href=\"https:\/\/www.xalo.org\/el-ayuntamiento\/documents\/declaracio-responsable-obres-no-nucli-historic-reformas-sin-ampliacion-y-obra-menor\/\" rel=\"attachment wp-att-5039\">Declaraci\u00f3n responsable obras NO N\u00daCLEO HIST\u00d3RICO reformas sin ampliaci\u00f3n y obra menor<\/a><\/p>","protected":false},"excerpt":{"rendered":"<p>MODELOS DE SOLICITUD: En esta secci\u00f3n podr\u00e1 descargar los modelos de solicitud para presentar instancias en el Ayuntamiento. Para visualizar los documentos necesita tener instalado Adobe Reader en su ordenador. Documento Utilidad Instancia gen\u00e9rica Modelo para cualquier tipo de solicitud, comunicado, queja, etc. que se quiera presentar en el Ayuntamiento. (Documento con campos editables). Solicitud [&hellip;]<\/p>\n","protected":false},"author":1,"featured_media":0,"parent":329,"menu_order":0,"comment_status":"closed","ping_status":"closed","template":"","meta":{"_et_pb_use_builder":"off","_et_pb_old_content":"<strong>MODELS DE SOL\u00b7LICITUD:<\/strong>\r\n\r\n<em>En aquesta secci\u00f3 podr\u00e0 descarregar els models de sol\u00b7licitud per a presentar inst\u00e0ncies en l'Ajuntament. <\/em>\r\n\r\n<em>Per a visualitzar els documents necessita tindre instal\u00b7lat Adobe Reader en el seu ordinador.<\/em>\r\n\r\n\u00a0\r\n<table width=\"98%\">\r\n<tbody>\r\n<tr>\r\n<td width=\"29%\"><strong>Document<\/strong><\/td>\r\n<td width=\"63%\"><strong>Utilitat<\/strong><\/td>\r\n<td width=\"5%\"><\/td>\r\n<\/tr>\r\n<tr>\r\n<td width=\"29%\">Inst\u00e0ncia gen\u00e8rica<\/td>\r\n<td width=\"63%\">\u00a0\r\n\r\nModel per a qualsevol tipus de sol\u00b7licitut, comunicat, queixa, etc. que es vullga presentar en l'Ajuntament. (Document amb camps editables).<\/td>\r\n<td width=\"5%\"><\/td>\r\n<\/tr>\r\n<tr>\r\n<td width=\"29%\"><\/td>\r\n<td width=\"63%\"><\/td>\r\n<td width=\"5%\"><\/td>\r\n<\/tr>\r\n<tr>\r\n<td width=\"29%\">Sol\u00b7licitud Informe Urban\u00edstic<\/td>\r\n<td width=\"63%\">\u00a0\r\n\r\nModel de sol\u00b7licitut de informe urban\u00edstic previ a la petici\u00f3 de autoritzaci\u00f3 ambiental integrada, llic\u00e8ncia ambiental, declaraci\u00f3 responsable ambiental o comunicaci\u00f3 d\u2019activitats inn\u00f2cues (activitats incloses en l\u2019\u00e0mbit d\u2019aplicaci\u00f3 de la Llei 6\/2014, de 25 de juliol, de la Generalitat, de Prevenci\u00f3, Qualitat i Control Ambiental d\u2019Activitats a la Comunitat Valenciana)\r\n\r\n\u00a0<\/td>\r\n<td width=\"5%\"><\/td>\r\n<\/tr>\r\n<tr>\r\n<td width=\"29%\">Sol\u00b7licitud Llic\u00e8ncia Ambiental<\/td>\r\n<td width=\"63%\">\u00a0Activitats incloses en l\u2019annex II de la <em>Llei 6\/2014, de 25 de juliol, de la Generalitat, de Prevenci\u00f3, Qualitat i Control Ambiental d\u2019Activitats a la Comunitat Valenciana<\/em>.<\/td>\r\n<td width=\"5%\"><\/td>\r\n<\/tr>\r\n<tr>\r\n<td width=\"29%\">Sol\u00b7licitud Declaraci\u00f3 Responsable Ambiental<\/td>\r\n<td width=\"63%\">\u00a0Activitats que no estiguen sotmeses, atenent la seua escassa incidencia ambiental, ni al r\u00e8gim d\u2019autoritzaci\u00f3 ambiental integrada ni de llic\u00e8ncia ambiental, i que no puguen considerar-se inn\u00f2cues per no cumplir alguna de les condicions establides en l\u2019annex III de la <em>Llei 6\/2014, de 25 de juliol, de la Generalitat, de Prevenci\u00f3, Qualitat i Control Ambiental d\u2019Activitats a la Comunitat Valenciana<\/em>.<\/td>\r\n<td width=\"5%\"><\/td>\r\n<\/tr>\r\n<tr>\r\n<td width=\"29%\">Sol\u00b7licitud Comunicaci\u00f3 d\u2019Activitats Inn\u00f2cues<\/td>\r\n<td width=\"63%\">Activitats que complisquen totes les condicions establides en l\u2019annex III de la <em>Llei 6\/2014, de 25 de juliol, de la Generalitat, de Prevenci\u00f3, Qualitat i Control Ambiental d\u2019Activitats a la Comunitat Valenciana<\/em>.<\/td>\r\n<td width=\"5%\"><\/td>\r\n<\/tr>\r\n<tr>\r\n<td width=\"29%\">Sol\u00b7licitud Declaraci\u00f3\r\n\r\n<strong><em>OBTENCI\u00d3N LICENCIA DE APERTURA<\/em><\/strong><\/td>\r\n<td width=\"63%\">Activitats\u00a0 compreses\u00a0 en la\u00a0 Llei 14\/2010, de 3 de desembre, d'Espectacles P\u00fablics, Activitats Recreatives i Establiments P\u00fablics (bar, cafeteria, restaurant, pub, ludoteques,... segons cat\u00e0leg annex a la Llei 14\/2010), excepte les compreses en l'article 10 de la dita Llei 14\/2010.<\/td>\r\n<td width=\"5%\"><\/td>\r\n<\/tr>\r\n<tr>\r\n<td width=\"29%\"><\/td>\r\n<td width=\"63%\"><\/td>\r\n<td width=\"5%\"><\/td>\r\n<\/tr>\r\n<tr>\r\n<td width=\"29%\"><\/td>\r\n<td width=\"63%\"><\/td>\r\n<td width=\"5%\"><\/td>\r\n<\/tr>\r\n<tr>\r\n<td width=\"29%\">Sol\u00b7licitud de Canvi de titularitat del contracte d\u2019aigua potable<\/td>\r\n<td width=\"63%\">Model de sol\u00b7licitud de canvi de titularitat del contracte del subministrament d'aigua potable.<\/td>\r\n<td width=\"5%\"><\/td>\r\n<\/tr>\r\n<\/tbody>\r\n<\/table>\r\n<strong>NOTA:<\/strong> Les inst\u00e0ncies s'han de presentar en paper i signades en el registre d'entrada de l'Ajuntament. No seran v\u00e0lides aquelles inst\u00e0ncies enviades per correu electr\u00f2nic o altres mitjans on no es puga garantir la identitat del sol\u00b7licitant.\r\n\r\nContactar amb l\u2019<strong>Ajuntament de Xal\u00f3<\/strong>:\r\n<ul>\r\n \t<li>Acudint al propi ajuntament ubicat en el carrer L\u2019Esgl\u00e9sia 27<\/li>\r\n<\/ul>\r\n<ul>\r\n \t<li>Per correu en l\u2019adre\u00e7a: C\/ L\u2019Esgl\u00e9sia, 27 \u2013 C.P. 03727 \u2013 Xal\u00f3 (Alacant)<\/li>\r\n<\/ul>\r\n<ul>\r\n \t<li>Per tel\u00e8fon: 966 48 01 01 \u2013 966 48 05 11 \u2013 966 48 01 12<\/li>\r\n<\/ul>\r\n<ul>\r\n \t<li>Per fax: 966 48 02 02<\/li>\r\n<\/ul>\r\n<ul>\r\n \t<li>Per e-mail:\u00a0<a href=\"mailto:info@xalo.org\">info@xalo.org<\/a><\/li>\r\n<\/ul>\r\nHorari d\u2019atenci\u00f3 al p\u00fablic: dilluns a divendres de 9:30 a 14:00.\r\n\r\nDOCUMENTS DISPONIBLES:\r\n\r\n<a href=\"https:\/\/www.xalo.org\/wp-content\/uploads\/2015\/12\/instancia.pdf\" target=\"_blank\" rel=\"noopener noreferrer\">Inst\u00e0ncia gen\u00e8rica <\/a>\r\n\r\n<a href=\"https:\/\/www.xalo.org\/wp-content\/uploads\/2016\/11\/Empadronament-trilingue_Agost-2017.docx\">Solicitut empadronament<\/a>\r\n\r\n<a href=\"https:\/\/www.xalo.org\/wp-content\/uploads\/2016\/11\/Solicitud-cambio-de-titular-aigua.pdf\">Solicitud cambio de titular aigua<\/a>\r\n\r\n<a href=\"https:\/\/www.xalo.org\/wp-content\/uploads\/2016\/11\/Solicitud-Cambio-domiciliacio\u0301n-Agua.pdf\">Solicitud Cambio domiciliacio\u0301n Agua<\/a>\r\n\r\n<a href=\"https:\/\/www.xalo.org\/wp-content\/uploads\/2016\/11\/01-Declaraci\u00f3n-Response-Licencia-Apertura-ACTIVIDADES-RECREATIVAS.pdf\">Declaraci\u00f3n Response Licencia Apertura ACTIVIDADES RECREATIVAS<\/a>\r\n\r\n<a href=\"https:\/\/www.xalo.org\/wp-content\/uploads\/2016\/11\/02-DECLARACI\u00d3N-RESPONSABLE-CAMBIO-TITULAR-01.pdf\">02 DECLARACI\u00d3N RESPONSABLE CAMBIO TITULAR 01<\/a><a href=\"https:\/\/www.xalo.org\/wp-content\/uploads\/2016\/11\/00-SOLICITUD-INFORME-URBAN\u00cdSTICO.pdf\">00 SOLICITUD INFORME URBAN\u00cdSTICO<\/a>","_et_gb_content_width":"","footnotes":""},"class_list":["post-2188","page","type-page","status-publish","hentry"],"aioseo_notices":[],"_links":{"self":[{"href":"https:\/\/www.xalo.org\/es\/wp-json\/wp\/v2\/pages\/2188","targetHints":{"allow":["GET"]}}],"collection":[{"href":"https:\/\/www.xalo.org\/es\/wp-json\/wp\/v2\/pages"}],"about":[{"href":"https:\/\/www.xalo.org\/es\/wp-json\/wp\/v2\/types\/page"}],"author":[{"embeddable":true,"href":"https:\/\/www.xalo.org\/es\/wp-json\/wp\/v2\/users\/1"}],"replies":[{"embeddable":true,"href":"https:\/\/www.xalo.org\/es\/wp-json\/wp\/v2\/comments?post=2188"}],"version-history":[{"count":0,"href":"https:\/\/www.xalo.org\/es\/wp-json\/wp\/v2\/pages\/2188\/revisions"}],"up":[{"embeddable":true,"href":"https:\/\/www.xalo.org\/es\/wp-json\/wp\/v2\/pages\/329"}],"wp:attachment":[{"href":"https:\/\/www.xalo.org\/es\/wp-json\/wp\/v2\/media?parent=2188"}],"curies":[{"name":"wp","href":"https:\/\/api.w.org\/{rel}","templated":true}]}}