{"id":271,"date":"2012-06-05T12:31:49","date_gmt":"2012-06-05T12:31:49","guid":{"rendered":"https:\/\/www.benilloba.es\/?page_id=271"},"modified":"2013-09-26T09:24:53","modified_gmt":"2013-09-26T07:24:53","slug":"proteccion-de-datos","status":"publish","type":"page","link":"https:\/\/www.xalo.org\/es\/proteccion-de-datos\/","title":{"rendered":"Protecci\u00f3n de datos"},"content":{"rendered":"<p>La visita a los portales institucionales del Ayuntamiento de\u00a0<strong>Jal\u00f3n<\/strong>\u00a0se efect\u00faa en forma an\u00f3nima.<\/p>\n<p>Solamente para poder acceder a alguno de los servicios de la web que dispongan de gesti\u00f3n o tr\u00e1mite espec\u00edfico los usuarios habr\u00e1n de suministrar los datos personales imprescindibles para la prestaci\u00f3n del servicio solicitado.<\/p>\n<p>Estos datos se incorporar\u00e1n a los correspondientes ficheros del Ayuntamiento de\u00a0<strong>Jal\u00f3n<\/strong>\u00a0y ser\u00e1n tratados de conformidad con la regulaci\u00f3n establecida por la Ley Org\u00e1nica 15\/1.999, de 13 de diciembre, de Protecci\u00f3n de Datos de Car\u00e1cter Personal, y dem\u00e1s disposiciones de aplicaci\u00f3n.<\/p>\n<p>Los datos recabados \u00fanicamente ser\u00e1n objeto de cesi\u00f3n, en su caso, previo consentimiento del interesado o de acuerdo con lo previsto en la citada Ley Org\u00e1nica de Protecci\u00f3n de Datos de Car\u00e1cter Personal.<\/p>\n<p>Las personas cuyos datos personales consten en un fichero del Ayuntamiento de \u00a0<strong>Jal\u00f3n\u00a0<\/strong>podr\u00e1n ejercitar los derechos de acceso, rectificaci\u00f3n, cancelaci\u00f3n y oposici\u00f3n, en la forma prevista en la Ley, ante el \u00f3rgano responsable del fichero.<\/p>","protected":false},"excerpt":{"rendered":"<p>La visita a los portales institucionales del Ayuntamiento de\u00a0Jal\u00f3n\u00a0se efect\u00faa en forma an\u00f3nima. Solamente para poder acceder a alguno de los servicios de la web que dispongan de gesti\u00f3n o tr\u00e1mite espec\u00edfico los usuarios habr\u00e1n de suministrar los datos personales imprescindibles para la prestaci\u00f3n del servicio solicitado. Estos datos se incorporar\u00e1n a los correspondientes ficheros [&hellip;]<\/p>\n","protected":false},"author":1,"featured_media":0,"parent":0,"menu_order":0,"comment_status":"open","ping_status":"open","template":"","meta":{"_et_pb_use_builder":"","_et_pb_old_content":"","_et_gb_content_width":"","footnotes":""},"class_list":["post-271","page","type-page","status-publish","hentry"],"aioseo_notices":[],"_links":{"self":[{"href":"https:\/\/www.xalo.org\/es\/wp-json\/wp\/v2\/pages\/271","targetHints":{"allow":["GET"]}}],"collection":[{"href":"https:\/\/www.xalo.org\/es\/wp-json\/wp\/v2\/pages"}],"about":[{"href":"https:\/\/www.xalo.org\/es\/wp-json\/wp\/v2\/types\/page"}],"author":[{"embeddable":true,"href":"https:\/\/www.xalo.org\/es\/wp-json\/wp\/v2\/users\/1"}],"replies":[{"embeddable":true,"href":"https:\/\/www.xalo.org\/es\/wp-json\/wp\/v2\/comments?post=271"}],"version-history":[{"count":0,"href":"https:\/\/www.xalo.org\/es\/wp-json\/wp\/v2\/pages\/271\/revisions"}],"wp:attachment":[{"href":"https:\/\/www.xalo.org\/es\/wp-json\/wp\/v2\/media?parent=271"}],"curies":[{"name":"wp","href":"https:\/\/api.w.org\/{rel}","templated":true}]}}