{"id":35,"date":"2012-02-20T11:49:52","date_gmt":"2012-02-20T10:49:52","guid":{"rendered":"https:\/\/www.benilloba.es\/?page_id=35"},"modified":"2021-01-23T07:17:39","modified_gmt":"2021-01-23T06:17:39","slug":"historia","status":"publish","type":"page","link":"https:\/\/www.xalo.org\/es\/el-ayuntamiento\/regidories\/turismo\/historia\/","title":{"rendered":"Historia"},"content":{"rendered":"<p><\/p>\n<p dir=\"ltr\" data-placeholder=\"Traducci\u00f3\"><img decoding=\"async\" class=\"aligncenter wp-image-1036 size-large\" title=\"Xal\u00f3\" src=\"https:\/\/www.xalo.org\/wp-content\/uploads\/2012\/02\/HHPIM2547-843x1024.jpg\" alt=\"Xal\u00f3\" width=\"843\" height=\"1024\" srcset=\"https:\/\/www.xalo.org\/wp-content\/uploads\/2012\/02\/HHPIM2547-843x1024.jpg 843w, https:\/\/www.xalo.org\/wp-content\/uploads\/2012\/02\/HHPIM2547-247x300.jpg 247w, https:\/\/www.xalo.org\/wp-content\/uploads\/2012\/02\/HHPIM2547.jpg 1728w\" sizes=\"(max-width: 843px) 100vw, 843px\" \/><\/p>\n<p id=\"tw-target-text\" class=\"tw-data-text tw-text-large XcVN5d tw-ta\" dir=\"ltr\" data-placeholder=\"Traducci\u00f3\"><span lang=\"es\">A pesar del origen del actual n\u00facleo urbano, no se constituy\u00f3 hasta la \u00e9poca isl\u00e1mica, como consecuencia del sistema poblacional isl\u00e1mico. En todo el t\u00e9rmino de Jal\u00f3n podemos encontrar vestigios arqueol\u00f3gicos e hist\u00f3ricos que se remontan a la \u00e9poca prehist\u00f3rica, como puede ser la Cueva de Maravillas, situada en la parte alta de la ladera SW del macizo de la Solana, con una altura sobre el nivel del mar de 380 m. Descubierta a mediados del siglo pasado, este yacimiento presenta una secuencia cronol\u00f3gica que abarca desde el Neol\u00edtico hasta la Edad Media. Y en la que se han documentado objetos realizados en s\u00edlex como son, puntas de flecha, perforadores, raspadores, as\u00ed como dientes de hoz. <\/span><\/p>\n<p class=\"tw-data-text tw-text-large XcVN5d tw-ta\" dir=\"ltr\" data-placeholder=\"Traducci\u00f3\"><span lang=\"es\">Otro yacimiento perteneciente al Neol\u00edtico, ser\u00eda la Cova del Mansano, situada en la vertiente oriental de la Serra del Ferrer, a poca distancia del barranco del Massarof. Se trata de un abrigo de gran tama\u00f1o y de planta irregular, en el que se han documentado ocho paneles de pinturas, tipo Levantino, en las que se representan escenas de caza as\u00ed como de danzas. La Edad de Bronce tambi\u00e9n est\u00e1 plenamente documentada, en los poblados ubicados en las Deveses, o frente a la misma Cova del Mansano. De \u00e9poca ib\u00e9rica se han registrado vestigios de poblaci\u00f3n de altura s\u00f3lidamente fortificados, como los del poblado situado muy pr\u00f3ximos al Castell d&#8217;Aixa o el Margen Largo, donde se ha documentado un lienzo de muralla ib\u00e9rica, as\u00ed como, restos cer\u00e1micos . La huella del mundo romano est\u00e1 representada en la documentaci\u00f3n por dos villas romanas, situadas en la zona de las Passula y Comes, unidades de nuevo sistema y modelo de explotaci\u00f3n agr\u00edcola del territorio, que se dio a partir del siglo I d.C. De la \u00e9poca de los \u00e1rabes, los restos son mucho m\u00e1s numerosas, las encontramos tanto en los vestigios arqueol\u00f3gicos, arquitect\u00f3nicos, como en la toponimia rural. En esta \u00e9poca (siglo XIII) la poblaci\u00f3n se organizaba en unas unidades de poblamiento de tipo rural llamadas \u00abalquer\u00edas\u00bb, que pertenec\u00edan a un determinado distrito rural, esta estructura territorial estaba controlada por el Husum o hisn (castillo en plural) que actuaban como centro militar y administrativo, sirviendo de refugio en caso de peligro. Estos castillos estaban comunicados unos con otros, formando una red de asentamientos bastante ancha.<\/span><\/p>\n<p dir=\"ltr\" data-placeholder=\"Traducci\u00f3\">En el caso de Jal\u00f3n, el centro pol\u00edtico y militar se encontraba ubicado en el Castell d&#8217;Aixa, as\u00ed como, el de Bernia, de ellos depend\u00edan las alquer\u00edas: Alcau, Alma\u00e7arof, cavo, curia, Cuca, Nahameni, Rahal Zaneigi, Rahal Nahameni, Banibraim, Liba, Benixaloni (Rahli de Xal\u00f3), muchos de estos top\u00f3nimos han perdurado hasta la actualidad dando nombre a numerosas partidas. El 1256 se conquistaron las tierras del Valle de Xal\u00f3, por las tropas de Jaime I, fueron dadas en feudo a los soldados participantes. La conquista supuso la desmembraci\u00f3n de la unidad de poblamiento andalus\u00ed, por una parte las numerosas sublevaciones o revueltas de la poblaci\u00f3n morisca dieron lugar a un nuevo sistema de poblaci\u00f3n basados \u200b\u200ben la concentraci\u00f3n de la poblaci\u00f3n, en unos n\u00facleos determinados, en este caso R\u00e1fol de Jal\u00f3n, fue el lugar elegido, y que ser\u00eda el n\u00facleo originario de la actual villa de Jal\u00f3n. El t\u00e9rmino de Jal\u00f3n fue pasando de unas manos a otras, siendo propiedad Berengula, Constanza, Bernat de Sarria, Hugo de Cardona, Joan Martorell, padre de Joanot Martorell, quien fue se\u00f1or de las alquer\u00edas de Cuca, traella y R\u00e0fol, al igual que el gran poeta valenciano, Ausi\u00e0s March. En 1409, Alcalal\u00ed form\u00f3 una baron\u00eda propia deslig\u00e1ndose de la Baron\u00eda de Xal\u00f3, que estaba formada por Xal\u00f3 y Ll\u00edber. Con el decreto de expulsi\u00f3n de 21 de septiembre de 1609, la baron\u00eda rest\u00f3 casi despoblada, panorama que cambi\u00f3 en 1610 con la repoblaci\u00f3n con campesinos de Santa Margalida y Llucmajor (Mallorca). A lo largo del siglo XVIII, en poblaci\u00f3n se cuadruplic\u00f3, al mismo tiempo el n\u00facleo urbano tambi\u00e9n iba creciendo, y desarroll\u00e1ndose, a principios del siglo XIX, con el legado de la duquesa de Almodovar se construy\u00f3 el nuevo templo y las escuelas. Hasta devenir, la ciudad de mayor peso en la cuenca media del r\u00edo Xal\u00f3, el trazado urbano del pueblo es bastante regular, a pesar del casco antiguo que estar\u00eda formado alrededor de un vial tortuoso, las calles Hospital y San Judas, de patente inspiraci\u00f3n isl\u00e1mica, a los que dobla la calle Mayor, perpendicular este se\u00f1or\u00edo desarroll\u00f3, un eje paralelo al r\u00edo, el llamado el Plan de la acequia, donde se sucede de este a oeste, el horno, el molino, la casa se\u00f1orial, la almazara, y el huerto de la se\u00f1or\u00eda. En el extremo sur de la plaza mayor se construy\u00f3 el palacio de los varones (siglo XVIII), junto a la iglesia, reformada 1831.<\/p>\n<p dir=\"ltr\" data-placeholder=\"Traducci\u00f3\">Este crecimiento hacia el sureste se vio modificado con el plano geom\u00e9trico fechado en 1847, mejorando el trazado urbano, abriendo las calles Salamanca y el de La Virgen, adem\u00e1s en 1957 se dio un plano de alineaciones que permiti\u00f3 edificar el \u00e1rea entre la calle Alicante y la carretera. En el noreste hay un ap\u00e9ndice lineal de gran atractivo tur\u00edstico con una hermosa arboleda, donde hacen mercadillo los s\u00e1bados, la piscina, la bodega cooperativa, el museo etnol\u00f3gico y diferentes comercios y bares.<\/p>\n<p dir=\"ltr\" data-placeholder=\"Traducci\u00f3\">Texto: Rub\u00e9n Vidal y Bertomeu (Museu etnol\u00f2gic de Xal\u00f3).<\/p>\n<p><\/p>","protected":false},"excerpt":{"rendered":"<p>A pesar del origen del actual n\u00facleo urbano, no se constituy\u00f3 hasta la \u00e9poca isl\u00e1mica, como consecuencia del sistema poblacional isl\u00e1mico. En todo el t\u00e9rmino de Jal\u00f3n podemos encontrar vestigios arqueol\u00f3gicos e hist\u00f3ricos que se remontan a la \u00e9poca prehist\u00f3rica, como puede ser la Cueva de Maravillas, situada en la parte alta de la ladera [&hellip;]<\/p>\n","protected":false},"author":1,"featured_media":0,"parent":39,"menu_order":1,"comment_status":"open","ping_status":"closed","template":"","meta":{"_et_pb_use_builder":"","_et_pb_old_content":"","_et_gb_content_width":"","footnotes":""},"class_list":["post-35","page","type-page","status-publish","hentry"],"aioseo_notices":[],"_links":{"self":[{"href":"https:\/\/www.xalo.org\/es\/wp-json\/wp\/v2\/pages\/35","targetHints":{"allow":["GET"]}}],"collection":[{"href":"https:\/\/www.xalo.org\/es\/wp-json\/wp\/v2\/pages"}],"about":[{"href":"https:\/\/www.xalo.org\/es\/wp-json\/wp\/v2\/types\/page"}],"author":[{"embeddable":true,"href":"https:\/\/www.xalo.org\/es\/wp-json\/wp\/v2\/users\/1"}],"replies":[{"embeddable":true,"href":"https:\/\/www.xalo.org\/es\/wp-json\/wp\/v2\/comments?post=35"}],"version-history":[{"count":0,"href":"https:\/\/www.xalo.org\/es\/wp-json\/wp\/v2\/pages\/35\/revisions"}],"up":[{"embeddable":true,"href":"https:\/\/www.xalo.org\/es\/wp-json\/wp\/v2\/pages\/39"}],"wp:attachment":[{"href":"https:\/\/www.xalo.org\/es\/wp-json\/wp\/v2\/media?parent=35"}],"curies":[{"name":"wp","href":"https:\/\/api.w.org\/{rel}","templated":true}]}}