{"id":3553,"date":"2018-08-29T18:20:27","date_gmt":"2018-08-29T16:20:27","guid":{"rendered":"https:\/\/www.xalo.org\/?page_id=3553"},"modified":"2018-08-29T18:30:09","modified_gmt":"2018-08-29T16:30:09","slug":"punt-dinformacio-cadastral","status":"publish","type":"page","link":"https:\/\/www.xalo.org\/es\/punt-dinformacio-cadastral\/","title":{"rendered":"Punto de Informaci\u00f3n catastral"},"content":{"rendered":"<p><\/p>\n<h2 class=\"title\">Punto de informaci\u00f3n catastral<\/h2>\n<p><img decoding=\"async\" class=\"aligncenter size-medium wp-image-3554\" src=\"https:\/\/www.xalo.org\/wp-content\/uploads\/2018\/08\/Captura-Mapa-Xalo\u0301-480x276.jpg\" alt=\"\" width=\"480\" height=\"276\" srcset=\"https:\/\/www.xalo.org\/wp-content\/uploads\/2018\/08\/Captura-Mapa-Xalo\u0301-480x276.jpg 480w, https:\/\/www.xalo.org\/wp-content\/uploads\/2018\/08\/Captura-Mapa-Xalo\u0301-1024x590.jpg 1024w, https:\/\/www.xalo.org\/wp-content\/uploads\/2018\/08\/Captura-Mapa-Xalo\u0301-1080x622.jpg 1080w, https:\/\/www.xalo.org\/wp-content\/uploads\/2018\/08\/Captura-Mapa-Xalo\u0301.jpg 1523w\" sizes=\"(max-width: 480px) 100vw, 480px\" \/><\/p>\n<div class=\"content\">\n<p>La Direcci\u00f3n General del Catastro , de conformidad con la Resoluci\u00f3n de 29 de marzo de 2005, por la que se aprueba el r\u00e9gimen y funcionamiento de los Puntos de Informaci\u00f3n catastral (PIC), ha autorizado el establecimiento y funcionamiento de un punto en las\u00a0 oficinas de este ayuntamiento, para facilitar al contribuyente la siguiente informaci\u00f3n:<\/p>\n<ul>\n<li>Consulta y certificaci\u00f3n electr\u00f3nica de datos catastrales no protegidos y de cartofraf\u00eda digital.<\/li>\n<li>Consulta y certificaci\u00f3n electr\u00f3nica para los titulares catastrales de los datos protegidos, relativos a los bienes inmuebles de su titularidad.<\/li>\n<li>Certificaci\u00f3n negativa de bienes inmuebles o de la circunstancia de no figurar como titular catastral, relativa al propio solicitante.<\/li>\n<li>Otros servicios de consulta y certificaci\u00f3n que se implanten en el futuro.<\/li>\n<\/ul>\n<p><img decoding=\"async\" class=\"aligncenter size-medium wp-image-3555\" src=\"https:\/\/www.xalo.org\/wp-content\/uploads\/2018\/08\/pic.jpg\" alt=\"\" width=\"170\" height=\"92\" \/><\/p>\n<\/div>\n<p><\/p>","protected":false},"excerpt":{"rendered":"<p>Punto de informaci\u00f3n catastral La Direcci\u00f3n General del Catastro , de conformidad con la Resoluci\u00f3n de 29 de marzo de 2005, por la que se aprueba el r\u00e9gimen y funcionamiento de los Puntos de Informaci\u00f3n catastral (PIC), ha autorizado el establecimiento y funcionamiento de un punto en las\u00a0 oficinas de este ayuntamiento, para facilitar al [&hellip;]<\/p>\n","protected":false},"author":1,"featured_media":3556,"parent":0,"menu_order":1,"comment_status":"closed","ping_status":"closed","template":"","meta":{"_et_pb_use_builder":"","_et_pb_old_content":"","_et_gb_content_width":"","footnotes":""},"class_list":["post-3553","page","type-page","status-publish","has-post-thumbnail","hentry"],"aioseo_notices":[],"_links":{"self":[{"href":"https:\/\/www.xalo.org\/es\/wp-json\/wp\/v2\/pages\/3553","targetHints":{"allow":["GET"]}}],"collection":[{"href":"https:\/\/www.xalo.org\/es\/wp-json\/wp\/v2\/pages"}],"about":[{"href":"https:\/\/www.xalo.org\/es\/wp-json\/wp\/v2\/types\/page"}],"author":[{"embeddable":true,"href":"https:\/\/www.xalo.org\/es\/wp-json\/wp\/v2\/users\/1"}],"replies":[{"embeddable":true,"href":"https:\/\/www.xalo.org\/es\/wp-json\/wp\/v2\/comments?post=3553"}],"version-history":[{"count":0,"href":"https:\/\/www.xalo.org\/es\/wp-json\/wp\/v2\/pages\/3553\/revisions"}],"wp:featuredmedia":[{"embeddable":true,"href":"https:\/\/www.xalo.org\/es\/wp-json\/wp\/v2\/media\/3556"}],"wp:attachment":[{"href":"https:\/\/www.xalo.org\/es\/wp-json\/wp\/v2\/media?parent=3553"}],"curies":[{"name":"wp","href":"https:\/\/api.w.org\/{rel}","templated":true}]}}