{"id":3594,"date":"2018-09-14T10:47:44","date_gmt":"2018-09-14T08:47:44","guid":{"rendered":"https:\/\/www.xalo.org\/?page_id=3594"},"modified":"2018-09-14T10:47:44","modified_gmt":"2018-09-14T08:47:44","slug":"un-nou-pas-cap-a-la-construccio-de-la-nova-escola-institut-de-xalo","status":"publish","type":"page","link":"https:\/\/www.xalo.org\/es\/el-ayuntamiento\/regidories\/educacio\/escola\/un-nou-pas-cap-a-la-construccio-de-la-nova-escola-institut-de-xalo\/","title":{"rendered":"Un nuevo paso hacia la construcci\u00f3n de la nueva escuela-instituto de Xal\u00f3"},"content":{"rendered":"<p><img decoding=\"async\" class=\"aligncenter size-full wp-image-3598\" src=\"https:\/\/www.xalo.org\/wp-content\/uploads\/2018\/09\/Obres-clavegueram-escola-Xalo\u0301-1.png\" alt=\"\" width=\"364\" height=\"259\" \/><\/p>\n<p><span style=\"display: inline !important; float: none; background-color: transparent; color: #343638; font-family: 'Noticia Text',serif; font-size: 28px; font-style: normal; font-variant: normal; font-weight: 400; letter-spacing: normal; line-height: 36px; orphans: 2; text-align: left; text-decoration: none; text-indent: 0px; text-transform: none; -webkit-text-stroke-width: 0px; white-space: normal; word-spacing: 0px;\">El nuevo colegio-instituto de Xal\u00f3, a un paso menos de ver la luz<\/span><\/p>\n<p>Como ya se adelant\u00f3 a mediados de a\u00f1o, el centro educativo colegio-instituto de Xal\u00f3 es una reivindicaci\u00f3n del ayuntamiento los \u00faltimos 15 a\u00f1os y su apuesta de futuro m\u00e1s firme. Los esfuerzos del ayuntamiento, que ha trabajado sin descanso junto al actual gobierno valenciano y la actual Conselleria de Educaci\u00f3n, empiezan a dar sus frutos.<\/p>\n<p>Con la licitaci\u00f3n de las obras de la red de saneamiento en el suelo dotacional educativo entre el Camino Instituto y el Camino del Cementerio se da un nuevo paso adelante en la creaci\u00f3n de la infraestructura que apoyar\u00e1 la nueva escuela-instituto con unas obras para valor de 84.465,18 euros, que est\u00e1 previsto se inicien en noviembre y que est\u00e9n terminadas en enero de 2019.<\/p>\n<p><img decoding=\"async\" class=\"aligncenter size-medium wp-image-3596\" src=\"https:\/\/www.xalo.org\/wp-content\/uploads\/2018\/09\/image21-480x360.jpeg\" alt=\"\" width=\"480\" height=\"360\" srcset=\"https:\/\/www.xalo.org\/wp-content\/uploads\/2018\/09\/image21-480x360.jpeg 480w, https:\/\/www.xalo.org\/wp-content\/uploads\/2018\/09\/image21-1024x768.jpeg 1024w, https:\/\/www.xalo.org\/wp-content\/uploads\/2018\/09\/image21-510x382.jpeg 510w, https:\/\/www.xalo.org\/wp-content\/uploads\/2018\/09\/image21-1080x810.jpeg 1080w, https:\/\/www.xalo.org\/wp-content\/uploads\/2018\/09\/image21.jpeg 1600w\" sizes=\"(max-width: 480px) 100vw, 480px\" \/><\/p>\n<p>El consistorio sigue as\u00ed una serie de actuaciones para facilitar el desarrollo de un proyecto que garantiza el futuro del pueblo y lo convierte en un centro educativo de interior de referencia. El ayuntamiento ha logrado romper las barreras que imped\u00edan el desarrollo del centro educativo que incluyen, entre otras, la invalidaci\u00f3n del proyecto redactado originalmente por la Generalitat debido a problemas estructurales graves y la posterior redacci\u00f3n de un nuevo proyecto y su adaptaci\u00f3n a la normativa urban\u00edstica del pueblo.<\/p>","protected":false},"excerpt":{"rendered":"<p>El nuevo colegio-instituto de Xal\u00f3, a un paso menos de ver la luz Como ya se adelant\u00f3 a mediados de a\u00f1o, el centro educativo colegio-instituto de Xal\u00f3 es una reivindicaci\u00f3n del ayuntamiento los \u00faltimos 15 a\u00f1os y su apuesta de futuro m\u00e1s firme. Los esfuerzos del ayuntamiento, que ha trabajado sin descanso junto al actual [&hellip;]<\/p>\n","protected":false},"author":1,"featured_media":3595,"parent":1338,"menu_order":0,"comment_status":"closed","ping_status":"closed","template":"","meta":{"_et_pb_use_builder":"","_et_pb_old_content":"","_et_gb_content_width":"","footnotes":""},"class_list":["post-3594","page","type-page","status-publish","has-post-thumbnail","hentry"],"aioseo_notices":[],"_links":{"self":[{"href":"https:\/\/www.xalo.org\/es\/wp-json\/wp\/v2\/pages\/3594","targetHints":{"allow":["GET"]}}],"collection":[{"href":"https:\/\/www.xalo.org\/es\/wp-json\/wp\/v2\/pages"}],"about":[{"href":"https:\/\/www.xalo.org\/es\/wp-json\/wp\/v2\/types\/page"}],"author":[{"embeddable":true,"href":"https:\/\/www.xalo.org\/es\/wp-json\/wp\/v2\/users\/1"}],"replies":[{"embeddable":true,"href":"https:\/\/www.xalo.org\/es\/wp-json\/wp\/v2\/comments?post=3594"}],"version-history":[{"count":0,"href":"https:\/\/www.xalo.org\/es\/wp-json\/wp\/v2\/pages\/3594\/revisions"}],"up":[{"embeddable":true,"href":"https:\/\/www.xalo.org\/es\/wp-json\/wp\/v2\/pages\/1338"}],"wp:featuredmedia":[{"embeddable":true,"href":"https:\/\/www.xalo.org\/es\/wp-json\/wp\/v2\/media\/3595"}],"wp:attachment":[{"href":"https:\/\/www.xalo.org\/es\/wp-json\/wp\/v2\/media?parent=3594"}],"curies":[{"name":"wp","href":"https:\/\/api.w.org\/{rel}","templated":true}]}}