{"id":3642,"date":"2018-10-16T16:01:44","date_gmt":"2018-10-16T14:01:44","guid":{"rendered":"https:\/\/www.xalo.org\/?page_id=3642"},"modified":"2018-10-16T16:10:19","modified_gmt":"2018-10-16T14:10:19","slug":"aviso-legal-2","status":"publish","type":"page","link":"https:\/\/www.xalo.org\/es\/aviso-legal-2\/","title":{"rendered":"Aviso Legal y Pol\u00edtica de Privacidad"},"content":{"rendered":"<p><strong>1. Objeto <\/strong><\/p>\n<p>El Ayuntamiento, a trav\u00e9s de este espacio, pone a disposici\u00f3n de los diferentes usuarios el acceso y utilizaci\u00f3n de servicios e informaci\u00f3n referidos tanto a su \u00e1mbito de actuaci\u00f3n como, en su caso, proporcionados por terceros.<\/p>\n<p><strong>2. T\u00e9rminos y condiciones de uso <\/strong><\/p>\n<p>Se considera usuario del presente sitio web\/app a cualquiera que acceda y utilice el mismo. La condici\u00f3n de usuario conlleva la total aceptaci\u00f3n de las condiciones establecidas en el presente Aviso Legal y en las especiales que puedan establecerse para determina dos servicios y utilidades. Los usuarios adquieren el compromiso de ajustar su actuaci\u00f3n a las citadas condiciones y a observar lo dispuesto por la normativa legal, as\u00ed como a las instrucciones y avisos que se pongan en su conocimiento. Cuando sea necesaria la utilizaci\u00f3n de una contrase\u00f1a o nombre de usuario para acceder a alg\u00fan contenido o servicio de este sitio web\/app, el usuario queda obligado a mantenerla en secreto y a hacer de ella un uso diligente. En caso de p\u00e9rdida o utilizaci\u00f3n negligente dela contrase\u00f1a el usuario responder\u00e1 de la utilizaci\u00f3n que de ella hayan podido hacer terceras personas. Los derechos de propiedad intelectual del contenido, informaci\u00f3n, gr\u00e1ficos, dise\u00f1o, multimedia, aplicaciones, productos, servicios y cualquier otro material de este sitio web\/app son propiedad del Ayuntamiento, a menos que se especifique lo contrario. Queda, por tanto, prohibida su copia, reproducci\u00f3n, distribuci\u00f3n, publicaci\u00f3n, descarga, exhibici\u00f3n o transmisi\u00f3n en cualquier formato o medio, incluyendo medios electr\u00f3nicos, mec\u00e1nicos, reprogr\u00e1ficos, de grabaci\u00f3n o cualquier otro, sin el permiso previo por escrito del Ayuntamiento y, en su caso, del propietario del copyright o derechos de autor. Cualquier uso no autorizado de materiales contenidos en este web\/app puede vulnerar leyes de copyright, de registro de marcas, de derechos de propiedad intelectual, de privacidad, publicidad, y dem\u00e1s legislaci\u00f3n sobre comunicaci\u00f3n. Queda prohibida la utilizaci\u00f3n de los contenidos de este sitio web\/app con fines comerciales o publicitarios. Los usuarios de Internet que accedan a este sitio web\/app pueden visualizar la informaci\u00f3n contenida en el mismo y efectuar descargas o reproducciones privadas en su sistema inform\u00e1tico; sin embargo, tal autorizaci\u00f3n no alcanza la cesi\u00f3n posterior a terceros de los elementos reproducidos ni su instalaci\u00f3n en un servidor conectado a Internet o a una red local. Queda absolutamente prohibida la distribuci\u00f3n, modificaci\u00f3n, alteraci\u00f3n, cesi\u00f3n, comunicaci\u00f3n p\u00fablica y cualquier otro acto que no sea expresamente autorizado por el Ayuntamiento. El Ayuntamiento no es responsable del mal uso que los usuarios realicen de los contenidos de su sitio web\/app y se reserva el derecho de actualizar, modificar, conservar, eliminar, o impedir el acceso a cualquier contenido que aparezca en el mismo o de cerrarlo sin previo aviso. El Ayuntamiento no es responsable de los contenidos situados fuera de su web\/app, en los sitios web\/app de terceros, a los que se pueda acceder mediante o a trav\u00e9s de enlaces situados en el sitio web\/app. El Ayuntamiento informa que tales links y enlaces que aparecen en su web\/app tan s\u00f3lo constituyen una informaci\u00f3n al usuario sobre la existencia de otras fuentes de informaci\u00f3n y servicios en Internet sobre las materias a las que se refieren, donde el visitante podr\u00e1 en su caso ampliar o complementar los datos ofrecidos en este web\/app, advirtiendo expresamente que ello no supone una sugerencia, invitaci\u00f3n o recomendaci\u00f3n para la visita de tales lugares de destino y por lo tanto, se declina toda la responsabilidad relativa al resultado obtenido a trav\u00e9s de dichos enlaces hipertextuales; en particular, el visitante declara conocer que el Ayuntamiento no garantiza en ning\u00fan modo las condiciones y\/o correcta prestaci\u00f3n de los servicios o calidad de los productos ofertados al usuario, por terceros ajenos a la misma, a cuyos sitios web\/app pueda accederse mediante enlaces establecidos en cualquiera de las p\u00e1ginas del Ayuntamiento, por lo que \u00e9sta no ser\u00e1 responsable en ning\u00fan caso de la disponibilidad y de los contenidos facilitados por los otros sitios web\/app visitados a trav\u00e9s de tales enlaces, como tampoco lo ser\u00e1 del eventual incumplimiento por parte de tales terceros de la normativa vigente y particularmente de aquella que regula el comercio electr\u00f3nico, la defensa y protecci\u00f3n de consumidores y usuarios y la relativa a protecci\u00f3n de datos de car\u00e1cter personal. En el caso de foros abiertos o espacios de opini\u00f3n en sus p\u00e1ginas web\/app, el Ayuntamiento no se obliga a controlar las opiniones o informaciones vertidas por los usuarios, pero se reserva el derecho a eliminar aquellas que puedan resultar contrarias a la legalidad vigente, especialmente cuando impliquen una vulneraci\u00f3n de los derechos y libertades fundamentales, a los buenos usos y a los presentes t\u00e9rminos y condiciones. El Ayuntamiento no ser\u00e1 responsable de posibles da\u00f1os o perjuicios que se pudieran derivar de interferencias, omisiones, interrupciones, aver\u00edas o desconexiones en el funcionamiento operativo de este sistema electr\u00f3nico, motivadas por causas ajenas al Ayuntamiento, o como consecuencia de ajustes o problemas t\u00e9cnicos propios; as\u00ed comide da\u00f1os que puedan ser causados por virus inform\u00e1ticos y por terceras personas mediante intromisiones ileg\u00edtimas fuera del control del Ayuntamiento. La informaci\u00f3n administrativa publicada en este sitio web\/app tiene car\u00e1cter meramente orientativo; por tanto, ni sustituye la publicidad de los documentos que deban publicarse en Diarios y Boletines Oficiales, cuya edici\u00f3n es el \u00fanico instrumento que da fe de la autenticidad y del contenido de los mismos, ni de la misma puede derivarse efecto jur\u00eddico vinculante alguno, debiendo el usuario contrastar la citada informaci\u00f3n con la existente en los Diarios y Boletines Oficiales, en su caso, o con la obrante en las dependencias pertinentes de la Administraci\u00f3n. En concreto, esta informaci\u00f3n no podr\u00e1 ser vinculante en la resoluci\u00f3n de procedimientos administrativos ni alegarse en procesos contradictorios con la Administraci\u00f3n P\u00fablica. En consecuencia, el Ayuntamiento no se hace responsable de los posibles da\u00f1os y perjuicios que el uso de dicha informaci\u00f3n pudiese ocasionar. Las directrices seguidas por el Ayuntamiento en materia de Protecci\u00f3n de Datos de Car\u00e1cter Personal son las expuestas en el apartado Pol\u00edtica de Privacidad de este sitio web\/app. El Ayuntamiento se reserva el derecho de modificar los t\u00e9rminos y condiciones establecidos en el presente Aviso Legal.<\/p>\n<p><strong>3. POL\u00cdTICA DE PRIVACIDAD <\/strong><\/p>\n<p>El Ayuntamiento tiene como una de sus prioridades garantizar el derecho fundamental a la protecci\u00f3n de los datos personales, tanto de los usuarios que se relacionen con su Administraci\u00f3n como de los propios empleados p\u00fablicos a su servicio. En este sentido, el Ayuntamiento manifiesta que el tratamiento de los datos de car\u00e1cter personal que pueda resultar necesario para el desarrollo de sus competencias a trav\u00e9s de su portal web\/app se ajustar\u00e1 escrupulosamente a lo dispuesto en la Ley Org\u00e1nica 15\/1999, de Protecci\u00f3n de Datos de Car\u00e1cter Personal, y a la normativa de desarrollo o conexa que pueda resultar de aplicaci\u00f3n en la actualidad o en un futuro. En concreto, todos los datos personales que puedan suministrarse por los interesados a trav\u00e9s de este portal no ser\u00e1n destinados a finalidades distintas de las expresadas en el momento de su aportaci\u00f3n, seg\u00fan el supuesto espec\u00edfico de que se trate, ni comunicados a terceros salvo en aquellos supuestos legales en que pueda procederse a dicha comunicaci\u00f3n o se cuente con el consentimiento expreso del interesado. De igual modo, el tratamiento de los mismos se efectuar\u00e1 de modo confidencial. En cualquier caso, el Ayuntamiento podr\u00e1 hacer uso de los datos contenidos en sus ficheros con finalidades hist\u00f3ricas, estad\u00edsticas o cient\u00edficas. Los interesados ser\u00e1n informados de la incorporaci\u00f3n de sus datos personales a ficheros, automatizados o no, de las finalidades, usos y, en su caso, de las posibles cesiones de sus datos en el momento se recaben los mismos. No obstante, y con car\u00e1cter general, se informa a todos los usuarios que en el caso de aportar datos personales podr\u00e1n ejercitar los derechos de acceso, rectificaci\u00f3n, cancelaci\u00f3n y oposici\u00f3n dirigi\u00e9ndose por escrito al Registro de Entrada del Ayuntamiento. Igualmente, el Ayuntamiento informa que ha desarrollado una normativa interna, desobligado cumplimiento para todos los empleados p\u00fablicos que traten datos de car\u00e1cter personal, en la que se contienen los procedimientos y las pautas que han de observarse en aras al cumplimiento de la normativa legal sobre protecci\u00f3n de datos de car\u00e1cter personal. Y, especialmente, normas de informaci\u00f3n y procedimientos para el tratamiento de este tipo de datos y normas de seguridad (equipos, instalaciones, etc.) para asegurar la integridad, confidencialidad y disponibilidad de la informaci\u00f3n. Para cualquier duda sobre la pol\u00edtica de privacidad anteriormente expresada puede dirigirse al tel\u00e9fono 966 481 010 o remitir un correo electr\u00f3nico a la direcci\u00f3n info@xalo.org indicando en el campo Asunto \u2018Protecci\u00f3n de datos personales\u2019.<\/p>","protected":false},"excerpt":{"rendered":"<p>1. Objeto El Ayuntamiento, a trav\u00e9s de este espacio, pone a disposici\u00f3n de los diferentes usuarios el acceso y utilizaci\u00f3n de servicios e informaci\u00f3n referidos tanto a su \u00e1mbito de actuaci\u00f3n como, en su caso, proporcionados por terceros. 2. T\u00e9rminos y condiciones de uso Se considera usuario del presente sitio web\/app a cualquiera que acceda [&hellip;]<\/p>\n","protected":false},"author":1,"featured_media":0,"parent":0,"menu_order":0,"comment_status":"closed","ping_status":"closed","template":"","meta":{"_et_pb_use_builder":"","_et_pb_old_content":"","_et_gb_content_width":"","footnotes":""},"class_list":["post-3642","page","type-page","status-publish","hentry"],"aioseo_notices":[],"_links":{"self":[{"href":"https:\/\/www.xalo.org\/es\/wp-json\/wp\/v2\/pages\/3642","targetHints":{"allow":["GET"]}}],"collection":[{"href":"https:\/\/www.xalo.org\/es\/wp-json\/wp\/v2\/pages"}],"about":[{"href":"https:\/\/www.xalo.org\/es\/wp-json\/wp\/v2\/types\/page"}],"author":[{"embeddable":true,"href":"https:\/\/www.xalo.org\/es\/wp-json\/wp\/v2\/users\/1"}],"replies":[{"embeddable":true,"href":"https:\/\/www.xalo.org\/es\/wp-json\/wp\/v2\/comments?post=3642"}],"version-history":[{"count":0,"href":"https:\/\/www.xalo.org\/es\/wp-json\/wp\/v2\/pages\/3642\/revisions"}],"wp:attachment":[{"href":"https:\/\/www.xalo.org\/es\/wp-json\/wp\/v2\/media?parent=3642"}],"curies":[{"name":"wp","href":"https:\/\/api.w.org\/{rel}","templated":true}]}}