{"id":436,"date":"2013-09-18T12:32:47","date_gmt":"2013-09-18T10:32:47","guid":{"rendered":"https:\/\/www.xalo.org\/?page_id=436"},"modified":"2026-03-13T09:03:07","modified_gmt":"2026-03-13T08:03:07","slug":"ecoparc","status":"publish","type":"page","link":"https:\/\/www.xalo.org\/es\/el-ayuntamiento\/regidories\/urbanisme\/medi-ambient\/ecoparc\/","title":{"rendered":"Ecoparque"},"content":{"rendered":"<p><strong>Horario<\/strong>:<\/p>\n<ul>\n<li>Martes, mi\u00e9rcoles, jueves y s\u00e1bado de 8 a 13h<\/li>\n<li>Jueves y viernes de 15 a 18h<\/li>\n<\/ul>\n<p><strong>Ecoparque m\u00f3vil<\/strong><\/p>\n<ul>\n<li>Martes de 10 a 18 horas.<\/li>\n<li>Direcci\u00f3n: cam\u00ed Cementeri (aparcamiento de la escuela)<\/li>\n<\/ul>\n<p><strong>Recogida de muebles y electrodom\u00e9sticos a domicilio:<\/strong><\/p>\n<ul>\n<li><strong>Tel\u00e9fono:<\/strong> 658 067 219<\/li>\n<\/ul>\n<p style=\"text-align: center;\"><strong>Tarifas de vertido de residuos<\/strong><\/p>\n<p><img decoding=\"async\" class=\"aligncenter wp-image-7320 size-large\" src=\"https:\/\/www.xalo.org\/wp-content\/uploads\/2026\/03\/TARIFES-ECOPARC-819x1024.jpg\" alt=\"Tarifes ecoparc\" width=\"819\" height=\"1024\" \/><\/p>\n<p>&nbsp;<\/p>","protected":false},"excerpt":{"rendered":"<p>Horario: Martes, mi\u00e9rcoles, jueves y s\u00e1bado de 8 a 13h Jueves y viernes de 15 a 18h Ecoparque m\u00f3vil Martes de 10 a 18 horas. Direcci\u00f3n: cam\u00ed Cementeri (aparcamiento de la escuela) Recogida de muebles y electrodom\u00e9sticos a domicilio: Tel\u00e9fono: 658 067 219 Tarifas de vertido de residuos &nbsp;<\/p>\n","protected":false},"author":1,"featured_media":1743,"parent":434,"menu_order":1,"comment_status":"closed","ping_status":"closed","template":"","meta":{"_et_pb_use_builder":"","_et_pb_old_content":"","_et_gb_content_width":"","footnotes":""},"class_list":["post-436","page","type-page","status-publish","has-post-thumbnail","hentry"],"aioseo_notices":[],"_links":{"self":[{"href":"https:\/\/www.xalo.org\/es\/wp-json\/wp\/v2\/pages\/436","targetHints":{"allow":["GET"]}}],"collection":[{"href":"https:\/\/www.xalo.org\/es\/wp-json\/wp\/v2\/pages"}],"about":[{"href":"https:\/\/www.xalo.org\/es\/wp-json\/wp\/v2\/types\/page"}],"author":[{"embeddable":true,"href":"https:\/\/www.xalo.org\/es\/wp-json\/wp\/v2\/users\/1"}],"replies":[{"embeddable":true,"href":"https:\/\/www.xalo.org\/es\/wp-json\/wp\/v2\/comments?post=436"}],"version-history":[{"count":0,"href":"https:\/\/www.xalo.org\/es\/wp-json\/wp\/v2\/pages\/436\/revisions"}],"up":[{"embeddable":true,"href":"https:\/\/www.xalo.org\/es\/wp-json\/wp\/v2\/pages\/434"}],"wp:featuredmedia":[{"embeddable":true,"href":"https:\/\/www.xalo.org\/es\/wp-json\/wp\/v2\/media\/1743"}],"wp:attachment":[{"href":"https:\/\/www.xalo.org\/es\/wp-json\/wp\/v2\/media?parent=436"}],"curies":[{"name":"wp","href":"https:\/\/api.w.org\/{rel}","templated":true}]}}