{"id":5070,"date":"2021-07-06T09:26:28","date_gmt":"2021-07-06T07:26:28","guid":{"rendered":"https:\/\/www.xalo.org\/?page_id=5070"},"modified":"2021-07-12T08:18:13","modified_gmt":"2021-07-12T06:18:13","slug":"banc-de-terres","status":"publish","type":"page","link":"https:\/\/www.xalo.org\/es\/el-ayuntamiento\/regidories\/agricultura\/banc-de-terres\/","title":{"rendered":"Banco de tierras"},"content":{"rendered":"<p>Un Banco de Tierras consiste en un registro de campos de los que sus propietarios est\u00e1n dispuestos a hacer un contrato de cesi\u00f3n, aparcer\u00eda o alquiler. Las personas interesadas en ampliar la cantidad de tierras que trabajan o al iniciar una nueva actividad agraria, pueden consultar este registro y contactar con los propietarios para ver y llegar a un acuerdo. La entidad gestora se encarga de gestionar los contactos y facilitar los acuerdos.<\/p>\n<p><a href=\"https:\/\/www.xalo.org\/el-ayuntamiento\/regidories\/agricultura\/banc-de-terres\/estudio-prelimiinar-del-banco-de-tierras-de-xalo\/\" target=\"_blank\" rel=\"attachment noopener wp-att-5089\">ESTUDIO PRELIMINAR<\/a><\/p>\n<p><a href=\"https:\/\/www.xalo.org\/el-ayuntamiento\/regidories\/agricultura\/banc-de-terres\/cartografia-bdt-xalo_compressed\/\" target=\"_blank\" rel=\"attachment noopener wp-att-5088\">MAPA DEL BANCO DE TIERRAS<\/a><\/p>\n<p>Las tierras en abandono son un agujero econ\u00f3mico por sus propietarios. Son un reservorio de plagas como los roedores y enfermedades como la Xylella fastidiosa. Y son causa de erosi\u00f3n y peligro de incendios forestales. Tener tierras inscritas en el Banco de Tierras no te exime la responsabilidad de buenas pr\u00e1cticas agrarias como propietario, hasta que no vallas un trato con alg\u00fan interesado.<\/p>\n<p>La puesta en marcha del Banco de Tierras aumenta las oportunidades de trabajo y negocio relacionados con el sector agrario. Si adem\u00e1s se tiene en cuenta que trabajar la tierra supone gestionar el territorio, fijar poblaci\u00f3n y luchar contra el cambio clim\u00e1tico, entonces se puede considerar que es una fant\u00e1stica iniciativa.<\/p>\n<p>Para inscribirse o demandar tierras es muy sencillo pulsa sobre el bot\u00f3n que quiere INSCRIPCI\u00d3N DE TIERRAS o DEMANDA DE TIERRAS y rellena el formulario. Nos pondremos en contacto contigo y haremos reuniones informativas con todos los interesados \u200b\u200bsobre los tipos de contratos.<\/p>\n<p>Si eres una persona inquieta y quieres colaborar con la dinamizaci\u00f3n agraria de Xal\u00f3, puedes apuntarte en QUIERO COLABORAR CON EL BANCO DE TIERRAS. Hemos creado un grupo de whatsapp para apoyar todas las actividades programadas, convocar las reuniones de coordinaci\u00f3n para que puedas participar y proponer iniciativas relacionadas con la educaci\u00f3n y el medio ambiente, la alimentaci\u00f3n saludable y la producci\u00f3n agroecol\u00f3gica.<\/p>\n<p><iframe src=\"https:\/\/docs.google.com\/forms\/d\/e\/1FAIpQLSdEhl4rSueaRjz4Jpzmbtms49upw5IVe6XO-_Eg68t4BAkjvA\/viewform?embedded=true\" width=\"1000\" height=\"500\" frameborder=\"0\" marginwidth=\"0\" marginheight=\"0\">Cargando\u2026<\/iframe><\/p>\n<p><iframe src=\"https:\/\/docs.google.com\/forms\/d\/e\/1FAIpQLScW7hwYZrWnnQ8rNaVS3dyLGZG2Rm_KJRTG8zQ1Bw3e7m1qQQ\/viewform?embedded=true\" width=\"1000\" height=\"500\" frameborder=\"0\" marginwidth=\"0\" marginheight=\"0\">Cargando\u2026<\/iframe><\/p>\n<p><iframe src=\"https:\/\/docs.google.com\/forms\/d\/e\/1FAIpQLSeViVc9Eo8NnP2P3XxHIqZz1sIAlJSIWjvbFOu2g7OmivUpIg\/viewform?embedded=true\" width=\"1000\" height=\"500\" frameborder=\"0\" marginwidth=\"0\" marginheight=\"0\">Cargando\u2026<\/iframe><\/p>","protected":false},"excerpt":{"rendered":"<p>Un Banco de Tierras consiste en un registro de campos de los que sus propietarios est\u00e1n dispuestos a hacer un contrato de cesi\u00f3n, aparcer\u00eda o alquiler. Las personas interesadas en ampliar la cantidad de tierras que trabajan o al iniciar una nueva actividad agraria, pueden consultar este registro y contactar con los propietarios para ver [&hellip;]<\/p>\n","protected":false},"author":1,"featured_media":5071,"parent":1223,"menu_order":0,"comment_status":"closed","ping_status":"closed","template":"","meta":{"_et_pb_use_builder":"","_et_pb_old_content":"","_et_gb_content_width":"","footnotes":""},"class_list":["post-5070","page","type-page","status-publish","has-post-thumbnail","hentry"],"aioseo_notices":[],"_links":{"self":[{"href":"https:\/\/www.xalo.org\/es\/wp-json\/wp\/v2\/pages\/5070","targetHints":{"allow":["GET"]}}],"collection":[{"href":"https:\/\/www.xalo.org\/es\/wp-json\/wp\/v2\/pages"}],"about":[{"href":"https:\/\/www.xalo.org\/es\/wp-json\/wp\/v2\/types\/page"}],"author":[{"embeddable":true,"href":"https:\/\/www.xalo.org\/es\/wp-json\/wp\/v2\/users\/1"}],"replies":[{"embeddable":true,"href":"https:\/\/www.xalo.org\/es\/wp-json\/wp\/v2\/comments?post=5070"}],"version-history":[{"count":0,"href":"https:\/\/www.xalo.org\/es\/wp-json\/wp\/v2\/pages\/5070\/revisions"}],"up":[{"embeddable":true,"href":"https:\/\/www.xalo.org\/es\/wp-json\/wp\/v2\/pages\/1223"}],"wp:featuredmedia":[{"embeddable":true,"href":"https:\/\/www.xalo.org\/es\/wp-json\/wp\/v2\/media\/5071"}],"wp:attachment":[{"href":"https:\/\/www.xalo.org\/es\/wp-json\/wp\/v2\/media?parent=5070"}],"curies":[{"name":"wp","href":"https:\/\/api.w.org\/{rel}","templated":true}]}}