{"id":6,"date":"2012-02-20T11:05:28","date_gmt":"2012-02-20T10:05:28","guid":{"rendered":"https:\/\/www.benilloba.es\/?page_id=6"},"modified":"2021-01-23T06:57:30","modified_gmt":"2021-01-23T05:57:30","slug":"saluda-del-alcalde","status":"publish","type":"page","link":"https:\/\/www.xalo.org\/es\/el-ayuntamiento\/saluda-del-alcalde\/","title":{"rendered":"Saluda del Alcalde"},"content":{"rendered":"<p>Vecinos y vecinas de Xalo, amigos visitantes de la web del Ayuntamiento de Xal\u00f3:<\/p>\n<p>Es para m\u00ed un honor como alcalde y para los compa\u00f1eros y compa\u00f1eras de la corporaci\u00f3n daros la bienvenida a esta p\u00e1gina. La intenci\u00f3n es hacer un canal abierto para los ciudadanos y disponer de un elemento esencial de comunicaci\u00f3n e informaci\u00f3n.<\/p>\n<p>En un mundo sin fronteras, que exige informaci\u00f3n inmediata, \u00e1gil y transparente, el Ayuntamiento de Xal\u00f3 ha querido poner a vuestra disposici\u00f3n toda la informaci\u00f3n de las actividades y de los servicios municipales donde pod\u00e1is consultar en sus tr\u00e1mites sin moverse de casa y conocer de primera mano toda la informaci\u00f3n administrativa, cultural, tur\u00edstica y social. Esperamos mantener actualizada la web del ayuntamiento y no dejarla como la anterior.<\/p>\n<p>Finalmente me gustar\u00eda comunicaros que estoy a vuestra disposici\u00f3n y que ten\u00e9is abiertas las puertas de mi despacho para cualquier consulta. Espero que tras visitar la web salg\u00e1is satisfechos de lo que hay\u00e1is encontrado.<\/p>\n<p>Atentamente.<\/p>\n<p style=\"text-align: center;\"><strong>Joan Miquel Garc\u00e9s Font<\/strong><\/p>\n<p style=\"text-align: center;\"><em>Alcalde de Xal\u00f3<\/em><\/p>\n<p><\/p>","protected":false},"excerpt":{"rendered":"<p>Vecinos y vecinas de Xalo, amigos visitantes de la web del Ayuntamiento de Xal\u00f3: Es para m\u00ed un honor como alcalde y para los compa\u00f1eros y compa\u00f1eras de la corporaci\u00f3n daros la bienvenida a esta p\u00e1gina. La intenci\u00f3n es hacer un canal abierto para los ciudadanos y disponer de un elemento esencial de comunicaci\u00f3n e [&hellip;]<\/p>\n","protected":false},"author":1,"featured_media":0,"parent":329,"menu_order":1,"comment_status":"open","ping_status":"closed","template":"","meta":{"_et_pb_use_builder":"","_et_pb_old_content":"","_et_gb_content_width":"","footnotes":""},"class_list":["post-6","page","type-page","status-publish","hentry"],"aioseo_notices":[],"_links":{"self":[{"href":"https:\/\/www.xalo.org\/es\/wp-json\/wp\/v2\/pages\/6","targetHints":{"allow":["GET"]}}],"collection":[{"href":"https:\/\/www.xalo.org\/es\/wp-json\/wp\/v2\/pages"}],"about":[{"href":"https:\/\/www.xalo.org\/es\/wp-json\/wp\/v2\/types\/page"}],"author":[{"embeddable":true,"href":"https:\/\/www.xalo.org\/es\/wp-json\/wp\/v2\/users\/1"}],"replies":[{"embeddable":true,"href":"https:\/\/www.xalo.org\/es\/wp-json\/wp\/v2\/comments?post=6"}],"version-history":[{"count":0,"href":"https:\/\/www.xalo.org\/es\/wp-json\/wp\/v2\/pages\/6\/revisions"}],"up":[{"embeddable":true,"href":"https:\/\/www.xalo.org\/es\/wp-json\/wp\/v2\/pages\/329"}],"wp:attachment":[{"href":"https:\/\/www.xalo.org\/es\/wp-json\/wp\/v2\/media?parent=6"}],"curies":[{"name":"wp","href":"https:\/\/api.w.org\/{rel}","templated":true}]}}