{"id":642,"date":"2013-09-20T09:29:18","date_gmt":"2013-09-20T07:29:18","guid":{"rendered":"https:\/\/www.xalo.org\/?page_id=642"},"modified":"2026-03-04T13:10:58","modified_gmt":"2026-03-04T12:10:58","slug":"biblioteca","status":"publish","type":"page","link":"https:\/\/www.xalo.org\/es\/el-ayuntamiento\/regidories\/cultura\/biblioteca\/","title":{"rendered":"Biblioteca"},"content":{"rendered":"<p><\/p>\n<h4><a href=\"https:\/\/www.xalo.org\/el-ayuntamiento\/regidories\/cultura\/biblioteca\/whatsapp-image-2022-02-28-at-12-06-06-pm\/\" rel=\"attachment wp-att-5333\"><img decoding=\"async\" class=\"alignright size-full wp-image-5333\" src=\"https:\/\/www.xalo.org\/wp-content\/uploads\/2022\/02\/WhatsApp-Image-2022-02-28-at-12.06.06-PM.jpeg\" alt=\"\" width=\"2048\" height=\"1536\" srcset=\"https:\/\/www.xalo.org\/wp-content\/uploads\/2022\/02\/WhatsApp-Image-2022-02-28-at-12.06.06-PM.jpeg 2048w, https:\/\/www.xalo.org\/wp-content\/uploads\/2022\/02\/WhatsApp-Image-2022-02-28-at-12.06.06-PM-1280x960.jpeg 1280w, https:\/\/www.xalo.org\/wp-content\/uploads\/2022\/02\/WhatsApp-Image-2022-02-28-at-12.06.06-PM-980x735.jpeg 980w, https:\/\/www.xalo.org\/wp-content\/uploads\/2022\/02\/WhatsApp-Image-2022-02-28-at-12.06.06-PM-480x360.jpeg 480w\" sizes=\"(min-width: 0px) and (max-width: 480px) 480px, (min-width: 481px) and (max-width: 980px) 980px, (min-width: 981px) and (max-width: 1280px) 1280px, (min-width: 1281px) 2048px, 100vw\" \/><\/a><\/h4>\n<p>&nbsp;<\/p>\n<p>&nbsp;<\/p>\n<h4><\/h4>\n<h4><\/h4>\n<p>&nbsp;<\/p>\n<p>&nbsp;<\/p>\n<p>&nbsp;<\/p>\n<h4><a href=\"https:\/\/www.xalo.org\/el-ayuntamiento\/regidories\/cultura\/biblioteca\/whatsapp-image-2022-02-28-at-12-06-22-pm\/\" rel=\"attachment wp-att-5334\"><img decoding=\"async\" class=\"alignright size-full wp-image-5334\" src=\"https:\/\/www.xalo.org\/wp-content\/uploads\/2022\/02\/WhatsApp-Image-2022-02-28-at-12.06.22-PM.jpeg\" alt=\"\" width=\"2048\" height=\"1536\" srcset=\"https:\/\/www.xalo.org\/wp-content\/uploads\/2022\/02\/WhatsApp-Image-2022-02-28-at-12.06.22-PM.jpeg 2048w, https:\/\/www.xalo.org\/wp-content\/uploads\/2022\/02\/WhatsApp-Image-2022-02-28-at-12.06.22-PM-1280x960.jpeg 1280w, https:\/\/www.xalo.org\/wp-content\/uploads\/2022\/02\/WhatsApp-Image-2022-02-28-at-12.06.22-PM-980x735.jpeg 980w, https:\/\/www.xalo.org\/wp-content\/uploads\/2022\/02\/WhatsApp-Image-2022-02-28-at-12.06.22-PM-480x360.jpeg 480w\" sizes=\"(min-width: 0px) and (max-width: 480px) 480px, (min-width: 481px) and (max-width: 980px) 980px, (min-width: 981px) and (max-width: 1280px) 1280px, (min-width: 1281px) 2048px, 100vw\" \/><\/a>Biblioteca: Edificio Mol\u00ed del Giner<\/h4>\n<p>Direcci\u00f3n: Avinguda de les Hortes,7<\/p>\n<p>Horario: lunes a jueves de 17:00h a 19:00h.<\/p>\n<p>Horario de estudio (con reserva play), de lunes a viernes de 8 a 20 horas.<\/p>\n<p>Local videovigilado.<\/p>\n<p>Contacto: Maricela Ordines Fullana<\/p>\n<p>Email: biblioteca@xalo.org<\/p>\n<p><a href=\"https:\/\/www.instagram.com\/bibliotecaxalo\/\">Instagram<\/a><\/p>\n<p>Servicios:<\/p>\n<ul>\n<li>Sala de Consulta.<\/li>\n<li>Servicio de pr\u00e9stamo.<\/li>\n<li>Hay que hacerse el carn\u00e9 de la Red de Lectura P\u00fablica Valenciana.<\/li>\n<li>Libros: un m\u00e1ximo de 3 ejemplares por un per\u00edodo de 15 d\u00edas renovable.<\/li>\n<li>Wifi gratis.<\/li>\n<li>Acceso a Internet por ordenador de la biblioteca: M\u00e1ximo 60 minutos por usuario y d\u00eda.<\/li>\n<li>Fotocopiadora.<\/li>\n<li>Pr\u00e9stamo interbibliotecario.<\/li>\n<li>Sala de estudio.<\/li>\n<\/ul>\n<p><\/p>","protected":false},"excerpt":{"rendered":"<p>&nbsp; &nbsp; &nbsp; &nbsp; &nbsp; Biblioteca: Edificio Mol\u00ed del Giner Direcci\u00f3n: Avinguda de les Hortes,7 Horario: lunes a jueves de 17:00h a 19:00h. Horario de estudio (con reserva play), de lunes a viernes de 8 a 20 horas. Local videovigilado. Contacto: Maricela Ordines Fullana Email: biblioteca@xalo.org Instagram Servicios: Sala de Consulta. Servicio de pr\u00e9stamo. Hay [&hellip;]<\/p>\n","protected":false},"author":1,"featured_media":0,"parent":640,"menu_order":1,"comment_status":"closed","ping_status":"closed","template":"","meta":{"_et_pb_use_builder":"","_et_pb_old_content":"","_et_gb_content_width":"","footnotes":""},"class_list":["post-642","page","type-page","status-publish","hentry"],"aioseo_notices":[],"_links":{"self":[{"href":"https:\/\/www.xalo.org\/es\/wp-json\/wp\/v2\/pages\/642","targetHints":{"allow":["GET"]}}],"collection":[{"href":"https:\/\/www.xalo.org\/es\/wp-json\/wp\/v2\/pages"}],"about":[{"href":"https:\/\/www.xalo.org\/es\/wp-json\/wp\/v2\/types\/page"}],"author":[{"embeddable":true,"href":"https:\/\/www.xalo.org\/es\/wp-json\/wp\/v2\/users\/1"}],"replies":[{"embeddable":true,"href":"https:\/\/www.xalo.org\/es\/wp-json\/wp\/v2\/comments?post=642"}],"version-history":[{"count":0,"href":"https:\/\/www.xalo.org\/es\/wp-json\/wp\/v2\/pages\/642\/revisions"}],"up":[{"embeddable":true,"href":"https:\/\/www.xalo.org\/es\/wp-json\/wp\/v2\/pages\/640"}],"wp:attachment":[{"href":"https:\/\/www.xalo.org\/es\/wp-json\/wp\/v2\/media?parent=642"}],"curies":[{"name":"wp","href":"https:\/\/api.w.org\/{rel}","templated":true}]}}