{"id":715,"date":"2013-09-20T14:40:16","date_gmt":"2013-09-20T12:40:16","guid":{"rendered":"https:\/\/www.xalo.org\/?page_id=715"},"modified":"2017-07-19T10:19:42","modified_gmt":"2017-07-19T08:19:42","slug":"associacions-culturals","status":"publish","type":"page","link":"https:\/\/www.xalo.org\/es\/el-ayuntamiento\/regidories\/cultura\/associacions-culturals\/","title":{"rendered":"Asociaciones culturales"},"content":{"rendered":"<p>[vc_row][vc_column][vc_column_text]<\/p>\n<h4>Asociaci\u00f3n para ayuda de los burros de Jal\u00f3n-Les Murtes<\/h4>\n<p>La Asociacion del Burro se dedica a la ayuda de la Fundacion Patrimonio del Mundo Comunidat Valenciana en Jalon.<\/p>\n<p>La Fundacion es el santuario de burros m\u00e1s antiguo en Espa\u00f1a. Somos la yeguada de burros \/ parque de burros con m\u00e1s especies diferentes en Espa\u00f1a. Aqu\u00ed en nuestro portal puede formarse una idea de nuestro trabajo con los burros.<\/p>\n<p>Para m\u00e1s informaci\u00f3n ver la p\u00e1gina web oficial:<\/p>\n<p>En espa\u00f1ol:\u00a0<a href=\"https:\/\/www.burros-xalo.info\" target=\"_blank\" rel=\"noopener noreferrer\">www.burros-xalo.info<\/a><\/p>\n<p>En diferentes idiomas:\u00a0<a href=\"https:\/\/les-murtes.jimdo.com\" target=\"_blank\" rel=\"noopener noreferrer\">les-murtes.jimdo.com<\/a><\/p>\n<p style=\"text-align: center;\"><img decoding=\"async\" class=\"aligncenter\" title=\"Asociaci\u00f3n para ayuda de los burros\" src=\"https:\/\/www.xalo.org\/wp-content\/uploads\/2013\/09\/burros-les-murtes.jpg\" alt=\"Asociaci\u00f3n para ayuda de los burros\" width=\"208\" height=\"139\" \/><\/p>\n<p>[\/vc_column_text][\/vc_column][\/vc_row]<\/p>","protected":false},"excerpt":{"rendered":"<p>[vc_row][vc_column][vc_column_text] Asociaci\u00f3n para ayuda de los burros de Jal\u00f3n-Les Murtes La Asociacion del Burro se dedica a la ayuda de la Fundacion Patrimonio del Mundo Comunidat Valenciana en Jalon. La Fundacion es el santuario de burros m\u00e1s antiguo en Espa\u00f1a. Somos la yeguada de burros \/ parque de burros con m\u00e1s especies diferentes en Espa\u00f1a. [&hellip;]<\/p>\n","protected":false},"author":1,"featured_media":0,"parent":640,"menu_order":6,"comment_status":"closed","ping_status":"closed","template":"","meta":{"_et_pb_use_builder":"","_et_pb_old_content":"","_et_gb_content_width":"","footnotes":""},"class_list":["post-715","page","type-page","status-publish","hentry"],"aioseo_notices":[],"_links":{"self":[{"href":"https:\/\/www.xalo.org\/es\/wp-json\/wp\/v2\/pages\/715","targetHints":{"allow":["GET"]}}],"collection":[{"href":"https:\/\/www.xalo.org\/es\/wp-json\/wp\/v2\/pages"}],"about":[{"href":"https:\/\/www.xalo.org\/es\/wp-json\/wp\/v2\/types\/page"}],"author":[{"embeddable":true,"href":"https:\/\/www.xalo.org\/es\/wp-json\/wp\/v2\/users\/1"}],"replies":[{"embeddable":true,"href":"https:\/\/www.xalo.org\/es\/wp-json\/wp\/v2\/comments?post=715"}],"version-history":[{"count":0,"href":"https:\/\/www.xalo.org\/es\/wp-json\/wp\/v2\/pages\/715\/revisions"}],"up":[{"embeddable":true,"href":"https:\/\/www.xalo.org\/es\/wp-json\/wp\/v2\/pages\/640"}],"wp:attachment":[{"href":"https:\/\/www.xalo.org\/es\/wp-json\/wp\/v2\/media?parent=715"}],"curies":[{"name":"wp","href":"https:\/\/api.w.org\/{rel}","templated":true}]}}