{"id":7301,"date":"2026-03-04T13:44:47","date_gmt":"2026-03-04T12:44:47","guid":{"rendered":"https:\/\/www.xalo.org\/?page_id=7301"},"modified":"2026-03-04T13:44:47","modified_gmt":"2026-03-04T12:44:47","slug":"casal-jove","status":"publish","type":"page","link":"https:\/\/www.xalo.org\/es\/cultura-i-joventut\/casal-jove\/","title":{"rendered":"Casal Jove"},"content":{"rendered":"<p>Centro de ocio y tiempo libre para j\u00f3venes de 12 a 18 a\u00f1os. Lugar de encuentro y diversi\u00f3n, con juegos de mesa, futbol\u00edn, ping-pong, videoconsolas, wifi, l\u00e1ser tag, escape room&#8230;<\/p>\n<p>Horario: viernes y s\u00e1bados de 17 a 20 horas<\/p>\n<p class=\"p1\">Gesti\u00f3n: Ocio y eventos Outdoor<\/p>\n<p class=\"p2\">Direcci\u00f3n: C\/ Sant Rafael 49<\/p>\n<p class=\"p3\"><span class=\"s1\">Email: <\/span>casaljovexalo@gmail.com<\/p>\n<p class=\"p1\"><a href=\"https:\/\/www.instagram.com\/casaljovexalo\/\">Instagram<\/a> |\u00a0<a href=\"https:\/\/www.facebook.com\/XaloCasalJove\">Facebook<\/a><\/p>\n<p><\/p>","protected":false},"excerpt":{"rendered":"<p>Centro de ocio y tiempo libre para j\u00f3venes de 12 a 18 a\u00f1os. Lugar de encuentro y diversi\u00f3n, con juegos de mesa, futbol\u00edn, ping-pong, videoconsolas, wifi, l\u00e1ser tag, escape room&#8230; Horario: viernes y s\u00e1bados de 17 a 20 horas Gesti\u00f3n: Ocio y eventos Outdoor Direcci\u00f3n: C\/ Sant Rafael 49 Email: casaljovexalo@gmail.com Instagram |\u00a0Facebook<\/p>\n","protected":false},"author":12,"featured_media":0,"parent":1781,"menu_order":0,"comment_status":"closed","ping_status":"closed","template":"","meta":{"_et_pb_use_builder":"","_et_pb_old_content":"","_et_gb_content_width":"","footnotes":""},"class_list":["post-7301","page","type-page","status-publish","hentry"],"aioseo_notices":[],"_links":{"self":[{"href":"https:\/\/www.xalo.org\/es\/wp-json\/wp\/v2\/pages\/7301","targetHints":{"allow":["GET"]}}],"collection":[{"href":"https:\/\/www.xalo.org\/es\/wp-json\/wp\/v2\/pages"}],"about":[{"href":"https:\/\/www.xalo.org\/es\/wp-json\/wp\/v2\/types\/page"}],"author":[{"embeddable":true,"href":"https:\/\/www.xalo.org\/es\/wp-json\/wp\/v2\/users\/12"}],"replies":[{"embeddable":true,"href":"https:\/\/www.xalo.org\/es\/wp-json\/wp\/v2\/comments?post=7301"}],"version-history":[{"count":0,"href":"https:\/\/www.xalo.org\/es\/wp-json\/wp\/v2\/pages\/7301\/revisions"}],"up":[{"embeddable":true,"href":"https:\/\/www.xalo.org\/es\/wp-json\/wp\/v2\/pages\/1781"}],"wp:attachment":[{"href":"https:\/\/www.xalo.org\/es\/wp-json\/wp\/v2\/media?parent=7301"}],"curies":[{"name":"wp","href":"https:\/\/api.w.org\/{rel}","templated":true}]}}