{"id":746,"date":"2013-09-23T09:06:45","date_gmt":"2013-09-23T07:06:45","guid":{"rendered":"https:\/\/www.xalo.org\/?page_id=746"},"modified":"2023-10-18T16:41:13","modified_gmt":"2023-10-18T14:41:13","slug":"instalacions-esportives","status":"publish","type":"page","link":"https:\/\/www.xalo.org\/es\/el-ayuntamiento\/regidories\/esports\/instalacions-esportives\/","title":{"rendered":"Instalaciones deportivas"},"content":{"rendered":"<p><\/p>\n<h4><strong>POLIDEPORTIVO MUNICIPAL<\/strong><\/h4>\n<p>Localizaci\u00f3n: Avenida de les Hortes, n\u00fam. 7<\/p>\n<p>Tel\u00e9fono: 680 540 763 (Conserje de 16 a 21 h), 96 6480 101 (Ayuntamiento de Xal\u00f3)<\/p>\n<p>Email: esports@xalo.org<\/p>\n<h4><strong>GIMNASIO<\/strong><\/h4>\n<p>Horario: de 6 a 23 h de lunes a domingo (20 \u20ac\/mes, 5 \u20ac\/d\u00eda, 40 \u20ac abono de 10 pasos) comprando la entrada a trav\u00e9s de la p\u00e1gina web: Reservaplay o descarg\u00e1ndose la aplicaci\u00f3n a trav\u00e9s de la Play Store (Play Store Reserva Play) o de la App Store (App Store Reservaplay). Entidad: XAL\u00d3.<\/p>\n<p>La entrada es individual y da derecho a la utilizaci\u00f3n de la sala de musculaci\u00f3n, las actividades propias del gimnasio, entrenamiento con monitora\/monitor y uso del roc\u00f3dromo.<\/p>\n<p><img decoding=\"async\" class=\"aligncenter wp-image-6071 size-full\" src=\"https:\/\/www.xalo.org\/wp-content\/uploads\/2023\/10\/Captura-de-pantalla-2023-10-05-a-las-10.02.21.png\" alt=\"Gimnas Xalo\" width=\"843\" height=\"509\" srcset=\"https:\/\/www.xalo.org\/wp-content\/uploads\/2023\/10\/Captura-de-pantalla-2023-10-05-a-las-10.02.21.png 843w, https:\/\/www.xalo.org\/wp-content\/uploads\/2023\/10\/Captura-de-pantalla-2023-10-05-a-las-10.02.21-480x290.png 480w\" sizes=\"(min-width: 0px) and (max-width: 480px) 480px, (min-width: 481px) 843px, 100vw\" \/><\/p>\n<h4><strong>PISTA DE ESQU\u00c1S<\/strong><\/h4>\n<p>De 16 a 21 (hay que reservar y pagar en el polideportivo).<\/p>\n<h4><strong>FRONT\u00d3N A MANO Y FRONTENIS<\/strong><\/h4>\n<p>Es necesario reservar en el polideportivo.<\/p>\n<h4><strong>PISTA CUBIERTA MULTIESPORT<\/strong><\/h4>\n<p>Actividades escuelas Deportivas y CD FUTSAL Xal\u00f3<\/p>\n<h4><strong>SALA MULTIUSO<\/strong><\/h4>\n<p>Se realizan actividades programadas por el ayuntamiento de Xal\u00f3 como yoga, pilates, baile, aer\u00f3bic\u2026<\/p>\n<h4><strong>NUEVA PISTA MULT DEPORTIVA<\/strong><\/h4>\n<p>Abierta al aire libre. Detr\u00e1s del centro social.<\/p>\n<h4><strong>PISCINA MUNICIPAL<\/strong><\/h4>\n<p>Localizaci\u00f3n: Carretera Xal\u00f3-Alcalal\u00ed, s\/n<\/p>\n<p>Tel\u00e9fono: 966480101<\/p>\n<p>E-mail: esports@xalo.org<\/p>","protected":false},"excerpt":{"rendered":"<p>POLIDEPORTIVO MUNICIPAL Localizaci\u00f3n: Avenida de les Hortes, n\u00fam. 7 Tel\u00e9fono: 680 540 763 (Conserje de 16 a 21 h), 96 6480 101 (Ayuntamiento de Xal\u00f3) Email: esports@xalo.org GIMNASIO Horario: de 6 a 23 h de lunes a domingo (20 \u20ac\/mes, 5 \u20ac\/d\u00eda, 40 \u20ac abono de 10 pasos) comprando la entrada a trav\u00e9s de la [&hellip;]<\/p>\n","protected":false},"author":1,"featured_media":0,"parent":742,"menu_order":1,"comment_status":"closed","ping_status":"closed","template":"","meta":{"_et_pb_use_builder":"","_et_pb_old_content":"","_et_gb_content_width":"","footnotes":""},"class_list":["post-746","page","type-page","status-publish","hentry"],"aioseo_notices":[],"_links":{"self":[{"href":"https:\/\/www.xalo.org\/es\/wp-json\/wp\/v2\/pages\/746","targetHints":{"allow":["GET"]}}],"collection":[{"href":"https:\/\/www.xalo.org\/es\/wp-json\/wp\/v2\/pages"}],"about":[{"href":"https:\/\/www.xalo.org\/es\/wp-json\/wp\/v2\/types\/page"}],"author":[{"embeddable":true,"href":"https:\/\/www.xalo.org\/es\/wp-json\/wp\/v2\/users\/1"}],"replies":[{"embeddable":true,"href":"https:\/\/www.xalo.org\/es\/wp-json\/wp\/v2\/comments?post=746"}],"version-history":[{"count":0,"href":"https:\/\/www.xalo.org\/es\/wp-json\/wp\/v2\/pages\/746\/revisions"}],"up":[{"embeddable":true,"href":"https:\/\/www.xalo.org\/es\/wp-json\/wp\/v2\/pages\/742"}],"wp:attachment":[{"href":"https:\/\/www.xalo.org\/es\/wp-json\/wp\/v2\/media?parent=746"}],"curies":[{"name":"wp","href":"https:\/\/api.w.org\/{rel}","templated":true}]}}