{"id":758,"date":"2013-09-23T09:35:03","date_gmt":"2013-09-23T07:35:03","guid":{"rendered":"https:\/\/www.xalo.org\/?page_id=758"},"modified":"2025-02-11T17:12:51","modified_gmt":"2025-02-11T16:12:51","slug":"educacio","status":"publish","type":"page","link":"https:\/\/www.xalo.org\/es\/el-ayuntamiento\/regidories\/educacio\/","title":{"rendered":"Educaci\u00f3n e Infancia"},"content":{"rendered":"<p><\/p>\n<ul>\n<li>\n<ul style=\"list-style-type: disc;\">\n<li><span style=\"text-decoration: underline;\">INFORMACI\u00d3N CENTROS EDUCATIVOS.<\/span><\/li>\n<\/ul>\n<p style=\"padding-left: 60px;\"><strong>CEIP Serra de B\u00e8rnia<\/strong><\/p>\n<p style=\"padding-left: 60px;\"><strong>Localizaci\u00f3n:<\/strong> Cam\u00ed Cementeri, 12<\/p>\n<p style=\"padding-left: 60px;\"><strong>Tel\u00e9fono:<\/strong> 96 573 90 28<\/p>\n<p style=\"padding-left: 60px;\"><strong>Fax:<\/strong> 965 73 90 26<\/p>\n<p style=\"padding-left: 60px;\"><strong>Email:<\/strong> <a href=\"mailto:03006189@edu.gva.es\">03006189@edu.gva.es<\/a><\/p>\n<p style=\"padding-left: 60px;\"><strong>Web escuela: <\/strong><a href=\"https:\/\/portal.edu.gva.es\/ceipserradebernia\/\">https:\/\/portal.edu.gva.es\/ceipserradebernia\/<\/a><\/p>\n<p style=\"padding-left: 60px;\"><strong>Telegram:<\/strong> <a href=\"https:\/\/t.me\/+3XNE_HheXyYwNTk0\">https:\/\/t.me\/+3XNE_HheXyYwNTk0<\/a><\/p>\n<ul style=\"list-style-type: disc;\">\n<li><span style=\"text-decoration: underline;\">AMPA.<\/span><\/li>\n<\/ul>\n<p style=\"padding-left: 60px;\"><strong>Presidenta:<\/strong> Lucia Ordines Vives<\/p>\n<p style=\"padding-left: 60px;\"><strong>Web:<\/strong> <a href=\"https:\/\/portal.edu.gva.es\/ceipserradebernia\/ampa\/\">https:\/\/portal.edu.gva.es\/ceipserradebernia\/ampa\/<\/a><\/p>\n<\/li>\n<\/ul>\n<p><\/p>","protected":false},"excerpt":{"rendered":"<p>INFORMACI\u00d3N CENTROS EDUCATIVOS. CEIP Serra de B\u00e8rnia Localizaci\u00f3n: Cam\u00ed Cementeri, 12 Tel\u00e9fono: 96 573 90 28 Fax: 965 73 90 26 Email: 03006189@edu.gva.es Web escuela: https:\/\/portal.edu.gva.es\/ceipserradebernia\/ Telegram: https:\/\/t.me\/+3XNE_HheXyYwNTk0 AMPA. Presidenta: Lucia Ordines Vives Web: https:\/\/portal.edu.gva.es\/ceipserradebernia\/ampa\/<\/p>\n","protected":false},"author":1,"featured_media":0,"parent":409,"menu_order":2,"comment_status":"closed","ping_status":"closed","template":"","meta":{"_et_pb_use_builder":"","_et_pb_old_content":"","_et_gb_content_width":"","footnotes":""},"class_list":["post-758","page","type-page","status-publish","hentry"],"aioseo_notices":[],"_links":{"self":[{"href":"https:\/\/www.xalo.org\/es\/wp-json\/wp\/v2\/pages\/758","targetHints":{"allow":["GET"]}}],"collection":[{"href":"https:\/\/www.xalo.org\/es\/wp-json\/wp\/v2\/pages"}],"about":[{"href":"https:\/\/www.xalo.org\/es\/wp-json\/wp\/v2\/types\/page"}],"author":[{"embeddable":true,"href":"https:\/\/www.xalo.org\/es\/wp-json\/wp\/v2\/users\/1"}],"replies":[{"embeddable":true,"href":"https:\/\/www.xalo.org\/es\/wp-json\/wp\/v2\/comments?post=758"}],"version-history":[{"count":0,"href":"https:\/\/www.xalo.org\/es\/wp-json\/wp\/v2\/pages\/758\/revisions"}],"up":[{"embeddable":true,"href":"https:\/\/www.xalo.org\/es\/wp-json\/wp\/v2\/pages\/409"}],"wp:attachment":[{"href":"https:\/\/www.xalo.org\/es\/wp-json\/wp\/v2\/media?parent=758"}],"curies":[{"name":"wp","href":"https:\/\/api.w.org\/{rel}","templated":true}]}}