{"id":760,"date":"2013-09-23T10:10:16","date_gmt":"2013-09-23T08:10:16","guid":{"rendered":"https:\/\/www.xalo.org\/?page_id=760"},"modified":"2025-02-11T16:57:57","modified_gmt":"2025-02-11T15:57:57","slug":"centres-educatius-i-associacions","status":"publish","type":"page","link":"https:\/\/www.xalo.org\/es\/el-ayuntamiento\/regidories\/educacio\/centres-educatius-i-associacions\/","title":{"rendered":"Centros educativos y asociaciones"},"content":{"rendered":"<p><\/p>\n<h3>Centros educativos<\/h3>\n<ul>\n<li>\n<h4>CEIP SERRA DE B\u00c8RNIA<\/h4>\n<\/li>\n<\/ul>\n<p style=\"padding-left: 60px;\"><strong>Direcci\u00f3n:<\/strong> Cam\u00ed Cementeri, 12<\/p>\n<p style=\"padding-left: 60px;\"><strong>Tel\u00e9fono:<\/strong> 96 573 90 28<\/p>\n<p style=\"padding-left: 60px;\"><strong>Email:<\/strong> <a href=\"mailto:03006189@edu.gva.es\">03006189@edu.gva.es<\/a><\/p>\n<p style=\"padding-left: 60px;\"><strong>Web de la escuela:<\/strong><a href=\"https:\/\/portal.edu.gva.es\/ceipserradebernia\/\"><strong>\u00a0<\/strong>https:\/\/portal.edu.gva.es\/ceipserradebernia\/\u00a0<\/a><\/p>\n<p style=\"padding-left: 60px;\"><strong>Telegram:<\/strong>\u00a0<a href=\"https:\/\/t.me\/+3XNE_HheXyYwNTk0\">https:\/\/t.me\/+3XNE_HheXyYwNTk0<\/a><\/p>\n<h3>Asociaciones<\/h3>\n<ul>\n<li>\n<h4>AMPA de Xal\u00f3<\/h4>\n<\/li>\n<\/ul>\n<p style=\"padding-left: 60px;\"><strong>Representante:<\/strong> Lucia Ordines Vives<\/p>\n<p style=\"padding-left: 60px;\"><strong>Direcci\u00f3n:<\/strong> Avda. Generalitat Valenciana, 12<\/p>\n<p style=\"padding-left: 60px;\"><strong>Tel\u00e9fono:<\/strong> 966 48 10 80<\/p>\n<p style=\"padding-left: 60px;\"><strong>Web:<\/strong><a href=\"https:\/\/portal.edu.gva.es\/ceipserradebernia\/ampa\/\"> https:\/\/portal.edu.gva.es\/ceipserradebernia\/ampa\/<\/a><\/p>\n<p><\/p>","protected":false},"excerpt":{"rendered":"<p>Centros educativos CEIP SERRA DE B\u00c8RNIA Direcci\u00f3n: Cam\u00ed Cementeri, 12 Tel\u00e9fono: 96 573 90 28 Email: 03006189@edu.gva.es Web de la escuela:\u00a0https:\/\/portal.edu.gva.es\/ceipserradebernia\/\u00a0 Telegram:\u00a0https:\/\/t.me\/+3XNE_HheXyYwNTk0 Asociaciones AMPA de Xal\u00f3 Representante: Lucia Ordines Vives Direcci\u00f3n: Avda. Generalitat Valenciana, 12 Tel\u00e9fono: 966 48 10 80 Web: https:\/\/portal.edu.gva.es\/ceipserradebernia\/ampa\/<\/p>\n","protected":false},"author":1,"featured_media":0,"parent":758,"menu_order":1,"comment_status":"closed","ping_status":"closed","template":"","meta":{"_et_pb_use_builder":"","_et_pb_old_content":"","_et_gb_content_width":"","footnotes":""},"class_list":["post-760","page","type-page","status-publish","hentry"],"aioseo_notices":[],"_links":{"self":[{"href":"https:\/\/www.xalo.org\/es\/wp-json\/wp\/v2\/pages\/760","targetHints":{"allow":["GET"]}}],"collection":[{"href":"https:\/\/www.xalo.org\/es\/wp-json\/wp\/v2\/pages"}],"about":[{"href":"https:\/\/www.xalo.org\/es\/wp-json\/wp\/v2\/types\/page"}],"author":[{"embeddable":true,"href":"https:\/\/www.xalo.org\/es\/wp-json\/wp\/v2\/users\/1"}],"replies":[{"embeddable":true,"href":"https:\/\/www.xalo.org\/es\/wp-json\/wp\/v2\/comments?post=760"}],"version-history":[{"count":0,"href":"https:\/\/www.xalo.org\/es\/wp-json\/wp\/v2\/pages\/760\/revisions"}],"up":[{"embeddable":true,"href":"https:\/\/www.xalo.org\/es\/wp-json\/wp\/v2\/pages\/758"}],"wp:attachment":[{"href":"https:\/\/www.xalo.org\/es\/wp-json\/wp\/v2\/media?parent=760"}],"curies":[{"name":"wp","href":"https:\/\/api.w.org\/{rel}","templated":true}]}}