{"id":779,"date":"2013-09-23T12:17:15","date_gmt":"2013-09-23T10:17:15","guid":{"rendered":"https:\/\/www.xalo.org\/?page_id=779"},"modified":"2021-07-07T11:21:45","modified_gmt":"2021-07-07T09:21:45","slug":"ordenances","status":"publish","type":"page","link":"https:\/\/www.xalo.org\/es\/servicios\/ordenances\/","title":{"rendered":"Ordenanzas"},"content":{"rendered":"<p>En esta secci\u00f3n podr\u00e1s descargar las diferentes ordenanzas fiscales, generales y de ingresos de derecho p\u00fablico publicadas en el Bolet\u00edn Oficial de la Provincia d&#8217;Alacant (B.O.P. Alacant).<\/p>\n<h3>Ordenanza de convivencia c\u00edvica<\/h3>\n<p><a href=\"https:\/\/www.xalo.org\/servicios\/ordenances\/ordenanza-de-convivencia-civica\/\" rel=\"attachment wp-att-5082\">Consultar<\/a><\/p>\n<h3>Ordenanzas fiscales<\/h3>\n\n<table id=\"tablepress-12-no-2\" class=\"tablepress tablepress-id-12 tablepress-responsive\">\n<thead>\n<tr class=\"row-1\">\n\t<th class=\"column-1\"><span class=\"table-header\">Data<\/span><\/th><th class=\"column-2\"><span class=\"table-header\">B.O.P.<\/span><\/th><th class=\"column-3\"><span class=\"table-header\">Concepte<\/span><\/th>\n<\/tr>\n<\/thead>\n<tbody class=\"row-striping row-hover\">\n<tr class=\"row-2\">\n\t<td class=\"column-1\">09\/12\/2002<\/td><td class=\"column-2\">281<\/td><td class=\"column-3\">Impost sobre l'increment del valor dels terrenys de naturalesa urbana<\/td>\n<\/tr>\n<tr class=\"row-3\">\n\t<td class=\"column-1\">27\/03\/2003<\/td><td class=\"column-2\">78<\/td><td class=\"column-3\">Impost sobre activitats econ\u00f2miques<\/td>\n<\/tr>\n<tr class=\"row-4\">\n\t<td class=\"column-1\">05\/05\/2004<\/td><td class=\"column-2\">101<\/td><td class=\"column-3\">Impost sobre construccions, instal\u00b7lacions i obres<\/td>\n<\/tr>\n<tr class=\"row-5\">\n\t<td class=\"column-1\">11\/06\/2004<\/td><td class=\"column-2\">133<\/td><td class=\"column-3\">Impost sobre b\u00e9ns immobles (P\u00e0gina 25)<br \/>\n<br \/>\nTaxa pels serveis de recollida, tractament i eliminaci\u00f3 de residus s\u00f2lids urbans (P\u00e0gina 25)<br \/>\n<br \/>\nTaxa per serveis d'aigua potable a domicili (P\u00e0gina 27)<br \/>\n<br \/>\nTaxa per expedici\u00f3 de documents administratius (P\u00e0gina 28)<\/td>\n<\/tr>\n<tr class=\"row-6\">\n\t<td class=\"column-1\">03\/07\/2004<\/td><td class=\"column-2\">151<\/td><td class=\"column-3\">Taxa per entrada de vehicles i guals permanents (P\u00e0gina 14)<br \/>\n<br \/>\nTaxa de clavegueram (P\u00e0gina 15)<br \/>\n<br \/>\nImpost sobre vehicles de tracci\u00f3 mec\u00e0nica (P\u00e0gina 16)<br \/>\n<br \/>\nTaxa de llic\u00e8ncies d'obertura d'establiments (P\u00e0gina 17)<\/td>\n<\/tr>\n<tr class=\"row-7\">\n\t<td class=\"column-1\">19\/08\/2004<\/td><td class=\"column-2\">191<\/td><td class=\"column-3\">Taxa per ocupaci\u00f3 de terrenys d'\u00fas p\u00fablic local<\/td>\n<\/tr>\n<tr class=\"row-8\">\n\t<td class=\"column-1\">10\/11\/2004<\/td><td class=\"column-2\">259<\/td><td class=\"column-3\">Taxa per utilitzaci\u00f3 de les instal\u00b7lacions esportives i de distints serveis esportius<\/td>\n<\/tr>\n<tr class=\"row-9\">\n\t<td class=\"column-1\">13\/08\/2005<\/td><td class=\"column-2\">184<\/td><td class=\"column-3\">Taxa per serveis urban\u00edstics administratius (vore hist\u00f2ric) (P\u00e0gina 7)<br \/>\n<br \/>\nImpost sobre construccions, instal\u00b7lacions i obres (P\u00e0gina 7 i 8)<\/td>\n<\/tr>\n<\/tbody>\n<tfoot>\n<tr class=\"row-10\">\n\t<td class=\"column-1\"><\/td><td class=\"column-2\"><\/td><td class=\"column-3\"><\/td>\n<\/tr>\n<\/tfoot>\n<\/table>\n\n<h3>Ordenanzas generales y de ingresos de derecho p\u00fablico<\/h3>\n<p>\n<table id=\"tablepress-13-no-2\" class=\"tablepress tablepress-id-13 tablepress-responsive\">\n<thead>\n<tr class=\"row-1\">\n\t<th class=\"column-1\"><span class=\"table-header\">Data<\/span><\/th><th class=\"column-2\"><span class=\"table-header\">B.O.P.<\/span><\/th><th class=\"column-3\"><span class=\"table-header\">Concepte<\/span><\/th>\n<\/tr>\n<\/thead>\n<tbody class=\"row-striping row-hover\">\n<tr class=\"row-2\">\n\t<td class=\"column-1\">09\/12\/2002<\/td><td class=\"column-2\">281<\/td><td class=\"column-3\">Prevenci\u00f3 de la contaminaci\u00f3 ac\u00fastica (protecci\u00f3 contra soroll i vibracions) (P\u00e0gina 26)<\/td>\n<\/tr>\n<tr class=\"row-3\">\n\t<td class=\"column-1\">25\/02\/2004<\/td><td class=\"column-2\">46<\/td><td class=\"column-3\">Canon d'urbanitzaci\u00f3 (P\u00e0gina 12)<br \/>\n<br \/>\nCanon per aprofitament urban\u00edstic (P\u00e0gina 13)<br \/>\n<br \/>\nVenta no sedent\u00e0ria a Xal\u00f3 (P\u00e0gina 13)<\/td>\n<\/tr>\n<tr class=\"row-4\">\n\t<td class=\"column-1\">10\/11\/2004<\/td><td class=\"column-2\">259<\/td><td class=\"column-3\">Regulaci\u00f3 de les construccions permeses sobre l'altura m\u00e0xima en la zona d'ordenaci\u00f3 de nucli hist\u00f2ric - residencial entre mitgeres: nucli tradicional<\/td>\n<\/tr>\n<tr class=\"row-5\">\n\t<td class=\"column-1\">10\/11\/2004<\/td><td class=\"column-2\">259<\/td><td class=\"column-3\">Preu p\u00fablic per serveis i activitats esportives<\/td>\n<\/tr>\n<tr class=\"row-6\">\n\t<td class=\"column-1\">12\/11\/2004<\/td><td class=\"column-2\">261<\/td><td class=\"column-3\">Regulaci\u00f3 del tr\u00e0nsit a Xal\u00f3 (vore hist\u00f2ric)<\/td>\n<\/tr>\n<\/tbody>\n<tfoot>\n<tr class=\"row-7\">\n\t<td class=\"column-1\"><\/td><td class=\"column-2\"><\/td><td class=\"column-3\"><\/td>\n<\/tr>\n<\/tfoot>\n<\/table>\n<\/p>","protected":false},"excerpt":{"rendered":"<p>En esta secci\u00f3n podr\u00e1s descargar las diferentes ordenanzas fiscales, generales y de ingresos de derecho p\u00fablico publicadas en el Bolet\u00edn Oficial de la Provincia d&#8217;Alacant (B.O.P. Alacant). Ordenanza de convivencia c\u00edvica Consultar Ordenanzas fiscales Ordenanzas generales y de ingresos de derecho p\u00fablico<\/p>\n","protected":false},"author":1,"featured_media":0,"parent":343,"menu_order":2,"comment_status":"closed","ping_status":"closed","template":"","meta":{"_et_pb_use_builder":"","_et_pb_old_content":"","_et_gb_content_width":"","footnotes":""},"class_list":["post-779","page","type-page","status-publish","hentry"],"aioseo_notices":[],"_links":{"self":[{"href":"https:\/\/www.xalo.org\/es\/wp-json\/wp\/v2\/pages\/779","targetHints":{"allow":["GET"]}}],"collection":[{"href":"https:\/\/www.xalo.org\/es\/wp-json\/wp\/v2\/pages"}],"about":[{"href":"https:\/\/www.xalo.org\/es\/wp-json\/wp\/v2\/types\/page"}],"author":[{"embeddable":true,"href":"https:\/\/www.xalo.org\/es\/wp-json\/wp\/v2\/users\/1"}],"replies":[{"embeddable":true,"href":"https:\/\/www.xalo.org\/es\/wp-json\/wp\/v2\/comments?post=779"}],"version-history":[{"count":0,"href":"https:\/\/www.xalo.org\/es\/wp-json\/wp\/v2\/pages\/779\/revisions"}],"up":[{"embeddable":true,"href":"https:\/\/www.xalo.org\/es\/wp-json\/wp\/v2\/pages\/343"}],"wp:attachment":[{"href":"https:\/\/www.xalo.org\/es\/wp-json\/wp\/v2\/media?parent=779"}],"curies":[{"name":"wp","href":"https:\/\/api.w.org\/{rel}","templated":true}]}}