{"id":805,"date":"2013-09-23T13:42:15","date_gmt":"2013-09-23T11:42:15","guid":{"rendered":"https:\/\/www.xalo.org\/?page_id=805"},"modified":"2026-03-04T13:36:27","modified_gmt":"2026-03-04T12:36:27","slug":"directori","status":"publish","type":"page","link":"https:\/\/www.xalo.org\/es\/directori\/","title":{"rendered":"Directorio"},"content":{"rendered":"<p><\/p>\n<h4>Polic\u00eda Local<\/h4>\n<p style=\"padding-left: 60px;\"><strong>Localizaci\u00f3n<\/strong>: C\/ L&#8217;Esgl\u00e8sia, 27<\/p>\n<p style=\"padding-left: 60px;\"><strong>Tel\u00e9fono:<\/strong> 619 22 39 96<\/p>\n<p style=\"padding-left: 60px;\"><strong>e-mail:<\/strong> <a href=\"mailto:policialocalxalo@hotmail.com\">policialocalxalo@hotmail.com<\/a><\/p>\n<h4>Oficina de Turismo de Xal\u00f3<\/h4>\n<p style=\"padding-left: 60px;\"><strong>Localizaci\u00f3n:<\/strong> Carretera Xal\u00f3-Alcanal\u00ed, s\/n<\/p>\n<p style=\"padding-left: 60px;\"><strong>Tel\u00e9fono:<\/strong> 966 480 522<\/p>\n<p style=\"padding-left: 60px;\"><strong>Fax:<\/strong> 966 48 10 17<\/p>\n<p style=\"padding-left: 60px;\"><strong>e-mail:<\/strong> <a href=\"mailto:valldepop@touristinfo.net\">valldepop@touristinfo.net<\/a><\/p>\n<h4>Agencia de lectura<\/h4>\n<p style=\"padding-left: 60px;\"><strong>Localizaci\u00f3n:<\/strong> Mol\u00ed del Giner (Avinguda de les Hortes, 7)<\/p>\n<p style=\"padding-left: 60px;\"><strong>Tel\u00e9fono:<\/strong> 965313260<\/p>\n<p style=\"padding-left: 60px;\"><strong>e-mail:<\/strong> <a href=\"mailto:biblioteca@xalo.org\">biblioteca@xalo.org<\/a><\/p>\n<h4>Museo etnol\u00f3gico<\/h4>\n<p style=\"padding-left: 60px;\"><strong>Localizaci\u00f3n:<\/strong> Avenida Rei Joan Carles I, 45<\/p>\n<p style=\"padding-left: 60px;\"><strong>Tel\u00e9fono:<\/strong> 966 48 02 17<\/p>\n<p style=\"padding-left: 60px;\"><strong>Fax:<\/strong> 966 48 02 17<\/p>\n<p style=\"padding-left: 60px;\"><strong>e-mail:<\/strong> <a href=\"mailto:museu@xalo.org\">museu@xalo.org<\/a><\/p>\n<p style=\"padding-left: 60px;\"><strong>Horario:<\/strong><\/p>\n<p style=\"padding-left: 90px;\">&#8211; Lunes de 17:00 a 21:00<\/p>\n<p style=\"padding-left: 90px;\">&#8211; Jueves de 17:00 a 21:00<\/p>\n<p style=\"padding-left: 90px;\">&#8211; Viernes de 17:00 a 20:00<\/p>\n<p style=\"padding-left: 90px;\">&#8211; S\u00e1bado de 10:00 a 14:00<\/p>\n<h4>Consultorio m\u00e9dico<\/h4>\n<p style=\"padding-left: 60px;\"><strong>Localizaci\u00f3n:<\/strong> Av. Santo Domingo s\/n.<\/p>\n<p style=\"padding-left: 60px;\"><strong>Tel\u00e9fono:<\/strong> 965 73 90 70<\/p>\n<h4>CEIP Serra de B\u00e8rnia<\/h4>\n<p style=\"padding-left: 60px;\"><strong>Localizaci\u00f3n:<\/strong> Cam\u00ed Cementeri, 12<\/p>\n<p style=\"padding-left: 60px;\"><strong>Tel\u00e9fono:<\/strong> 96 573 90 28<\/p>\n<p style=\"padding-left: 60px;\"><strong>Email:<\/strong> <a href=\"mailto:03006189@edu.gva.es\">03006189@edu.gva.es<\/a><\/p>\n<p style=\"padding-left: 60px;\"><strong>Web escuela: <\/strong><a href=\"https:\/\/portal.edu.gva.es\/ceipserradebernia\/\">https:\/\/portal.edu.gva.es\/ceipserradebernia\/<\/a><\/p>\n<p style=\"padding-left: 60px;\"><strong>Telegram:<\/strong> <a href=\"https:\/\/t.me\/+3XNE_HheXyYwNTk0\">https:\/\/t.me\/+3XNE_HheXyYwNTk0<\/a><\/p>\n<h4>Polideportivo municipal<\/h4>\n<p style=\"padding-left: 60px;\"><strong>Localizaci\u00f3n:<\/strong> Pla de l&#8217;Horta, 7<\/p>\n<h4>Piscina Municipal<\/h4>\n<p style=\"padding-left: 60px;\"><strong>Localizaci\u00f3n:<\/strong> Carretera Xal\u00f3-Alcanal\u00ed, s\/n<\/p>\n<h4>Webmaster<\/h4>\n<p style=\"padding-left: 60px;\">Para cualquier problema, error o sugerencia relacionada con la web del Ayuntamiento, env\u00ede un correo a <strong data-start=\"1475\" data-end=\"1497\"><a rel=\"noopener\" data-start=\"1477\" data-end=\"1495\">webmaster@xalo.org<\/a><\/strong>.<\/p>\n<p><\/p>","protected":false},"excerpt":{"rendered":"<p>Polic\u00eda Local Localizaci\u00f3n: C\/ L&#8217;Esgl\u00e8sia, 27 Tel\u00e9fono: 619 22 39 96 e-mail: policialocalxalo@hotmail.com Oficina de Turismo de Xal\u00f3 Localizaci\u00f3n: Carretera Xal\u00f3-Alcanal\u00ed, s\/n Tel\u00e9fono: 966 480 522 Fax: 966 48 10 17 e-mail: valldepop@touristinfo.net Agencia de lectura Localizaci\u00f3n: Mol\u00ed del Giner (Avinguda de les Hortes, 7) Tel\u00e9fono: 965313260 e-mail: biblioteca@xalo.org Museo etnol\u00f3gico Localizaci\u00f3n: Avenida Rei Joan [&hellip;]<\/p>\n","protected":false},"author":1,"featured_media":0,"parent":0,"menu_order":1,"comment_status":"closed","ping_status":"closed","template":"","meta":{"_et_pb_use_builder":"","_et_pb_old_content":"","_et_gb_content_width":"","footnotes":""},"class_list":["post-805","page","type-page","status-publish","hentry"],"aioseo_notices":[],"_links":{"self":[{"href":"https:\/\/www.xalo.org\/es\/wp-json\/wp\/v2\/pages\/805","targetHints":{"allow":["GET"]}}],"collection":[{"href":"https:\/\/www.xalo.org\/es\/wp-json\/wp\/v2\/pages"}],"about":[{"href":"https:\/\/www.xalo.org\/es\/wp-json\/wp\/v2\/types\/page"}],"author":[{"embeddable":true,"href":"https:\/\/www.xalo.org\/es\/wp-json\/wp\/v2\/users\/1"}],"replies":[{"embeddable":true,"href":"https:\/\/www.xalo.org\/es\/wp-json\/wp\/v2\/comments?post=805"}],"version-history":[{"count":0,"href":"https:\/\/www.xalo.org\/es\/wp-json\/wp\/v2\/pages\/805\/revisions"}],"wp:attachment":[{"href":"https:\/\/www.xalo.org\/es\/wp-json\/wp\/v2\/media?parent=805"}],"curies":[{"name":"wp","href":"https:\/\/api.w.org\/{rel}","templated":true}]}}