{"id":851,"date":"2013-09-24T09:50:11","date_gmt":"2013-09-24T07:50:11","guid":{"rendered":"https:\/\/www.xalo.org\/?page_id=851"},"modified":"2025-02-11T17:14:41","modified_gmt":"2025-02-11T16:14:41","slug":"contactar","status":"publish","type":"page","link":"https:\/\/www.xalo.org\/es\/contactar\/","title":{"rendered":"Contactar"},"content":{"rendered":"<p><strong>Ayuntamiento de Xal\u00f3<\/strong>:<\/p>\n<ul>\n<li>Direcci\u00f3n: Carrer L&#8217;Esgl\u00e9sia 27<\/li>\n<\/ul>\n<ul>\n<li>Por correos: C\/ L&#8217;Esgl\u00e9sia, 27 &#8211; C.P. 03727 &#8211; Xal\u00f3 (Alacant)<\/li>\n<\/ul>\n<ul>\n<li>Por tel\u00e9fono: 966 48 01 01 &#8211; 966 48 05 11 &#8211; 966 48 01 12<\/li>\n<\/ul>\n<ul>\n<li>Por e-mail: <a href=\"mailto:info@xalo.org\">info@xalo.org<\/a><\/li>\n<\/ul>\n<p><strong>Horario:<\/strong><\/p>\n<ul>\n<li>Ayuntamiento: de lunes a viernes de 9:30 a 14:00\u00a0 o por e-mail: <a href=\"mailto:info@xalo.org\">info@xalo.org<\/a><\/li>\n<\/ul>\n<ul>\n<li>Alcalde: lunes, miercoles y viernes de 11:00 a 12:00 o por e-mail <a href=\"mailto:alcaldia@xalo.org\">alcaldia@xalo.org<\/a><\/li>\n<\/ul>\n<ul>\n<li>Secretario-Interventor: de lunes a viernes de 11:00 a 14:00 o por e-mail <a href=\"mailto:secretaria@xalo.org\">secretaria@xalo.org<\/a><\/li>\n<\/ul>\n<ul>\n<li>Aparejador: lunes, miercoles y viernes de 12:00 a 14:00 o por e-mail <a href=\"mailto:aparellador@xalo.org\">aparellador@xalo.org<\/a><\/li>\n<\/ul>\n<ul>\n<li>Servicios sociales: mi\u00e9rcoles de 9:30 a 13:00<\/li>\n<\/ul>\n<ul>\n<li>SUMA: Tercer viernes de cada mes de 11:00 a 13:30<\/li>\n<li>Monitor de deportes: Juan Miguel Femenia Escribano: de martes a viernes de 10:00 a 11:00 o por e-mail: <a href=\"mailto:esports@xalo.org\">esports@xalo.org<\/a><\/li>\n<\/ul>\n<ul>\n<li>Resto de concejales y concejalas:<\/li>\n<\/ul>\n<p style=\"padding-left: 60px;\">Directamente al email de la concejal\u00eda (estos correos electr\u00f3nicos est\u00e1n en la p\u00e1gina de concejal\u00edas) o, bien, a <a rel=\"noopener\" data-start=\"166\" data-end=\"179\">info@xalo.org<\/a>, indicando el asunto.<\/p>\n<ul>\n<li>Polic\u00eda Local Xal\u00f3:\n<ul>\n<li>Tel\u00e9fono: 619 22 39 96<\/li>\n<li>Email: <a href=\"mailto:policialocalxalo@hotmail.com\">policialocalxalo@hotmail.com<\/a><\/li>\n<\/ul>\n<\/li>\n<\/ul>\n<p><\/p>","protected":false},"excerpt":{"rendered":"<p>Ayuntamiento de Xal\u00f3: Direcci\u00f3n: Carrer L&#8217;Esgl\u00e9sia 27 Por correos: C\/ L&#8217;Esgl\u00e9sia, 27 &#8211; C.P. 03727 &#8211; Xal\u00f3 (Alacant) Por tel\u00e9fono: 966 48 01 01 &#8211; 966 48 05 11 &#8211; 966 48 01 12 Por e-mail: info@xalo.org Horario: Ayuntamiento: de lunes a viernes de 9:30 a 14:00\u00a0 o por e-mail: info@xalo.org Alcalde: lunes, miercoles y [&hellip;]<\/p>\n","protected":false},"author":1,"featured_media":0,"parent":0,"menu_order":0,"comment_status":"closed","ping_status":"closed","template":"","meta":{"_et_pb_use_builder":"","_et_pb_old_content":"","_et_gb_content_width":"","footnotes":""},"class_list":["post-851","page","type-page","status-publish","hentry"],"aioseo_notices":[],"_links":{"self":[{"href":"https:\/\/www.xalo.org\/es\/wp-json\/wp\/v2\/pages\/851","targetHints":{"allow":["GET"]}}],"collection":[{"href":"https:\/\/www.xalo.org\/es\/wp-json\/wp\/v2\/pages"}],"about":[{"href":"https:\/\/www.xalo.org\/es\/wp-json\/wp\/v2\/types\/page"}],"author":[{"embeddable":true,"href":"https:\/\/www.xalo.org\/es\/wp-json\/wp\/v2\/users\/1"}],"replies":[{"embeddable":true,"href":"https:\/\/www.xalo.org\/es\/wp-json\/wp\/v2\/comments?post=851"}],"version-history":[{"count":0,"href":"https:\/\/www.xalo.org\/es\/wp-json\/wp\/v2\/pages\/851\/revisions"}],"wp:attachment":[{"href":"https:\/\/www.xalo.org\/es\/wp-json\/wp\/v2\/media?parent=851"}],"curies":[{"name":"wp","href":"https:\/\/api.w.org\/{rel}","templated":true}]}}